{"id":77,"date":"2020-12-02T11:52:25","date_gmt":"2020-12-02T10:52:25","guid":{"rendered":"http:\/\/www.azerty.legal\/?page_id=77"},"modified":"2021-06-02T15:07:09","modified_gmt":"2021-06-02T13:07:09","slug":"deontologie","status":"publish","type":"page","link":"https:\/\/www.azerty.legal\/index.php\/deontologie\/","title":{"rendered":"Deontologie"},"content":{"rendered":"<p>[vc_row content_text_aligment=\u00a0\u00bbcenter\u00a0\u00bb][vc_column][vc_empty_space][vc_empty_space]<div class=\"qodef-section-title-holder   qodef-st-enable-text-separator qodef-st-text-available \" >\n\t<div class=\"qodef-st-inner\">\n\t\t\t\t\t<h2 class=\"qodef-st-title\" >\n\t\t\t\tUne profession r\u00e9glement\u00e9e\t\t\t<\/h2>\n\t\t\t\t<div class=\"qodef-st-text-holder clearfix\" >\n\t\t\t\t\t\t\t<span class=\"qodef-st-separator\"><\/span>\n\t\t\t\t\t\t\t\t\t\t<p class=\"qodef-st-text\" >\n\t\t\t\t\tNotre garantie l\u00e9gale\t\t\t\t<\/p>\n\t\t\t\t\t<\/div>\n\t\t\t<\/div>\n<\/div>[vc_empty_space][\/vc_column][\/vc_row][vc_row content_text_aligment=\u00a0\u00bbcenter\u00a0\u00bb][vc_column width=\u00a0\u00bb1\/5&Prime;][\/vc_column][vc_column width=\u00a0\u00bb3\/5&Prime;][vc_column_text]<\/p>\r\n<h3><span style=\"color: #00546b;\"> Nous sommes les gardiens de vos secrets les plus sensibles : innovations, marques, designs&#8230; Nos experts sont soumis \u00e0 une d\u00e9ontologie stricte afin de vous fournir des services de qualit\u00e9.<\/span><\/h3>\r\n<p>[\/vc_column_text][vc_empty_space][vc_empty_space][\/vc_column][vc_column width=\u00a0\u00bb1\/5&Prime;][\/vc_column][\/vc_row][vc_row][vc_column width=\u00a0\u00bb1\/4&Prime;][\/vc_column][vc_column width=\u00a0\u00bb1\/4&Prime;]<div class=\"qodef-iwt clearfix  qodef-iwt-icon-top qodef-iwt-icon-medium \">\n\t<div class=\"qodef-iwt-icon\">\n\t\t\t\t\t\t\t\t\t<img loading=\"lazy\" decoding=\"async\" width=\"120\" height=\"120\" src=\"https:\/\/www.azerty.legal\/wp-content\/uploads\/2021\/02\/AZERTY_Icone_confidentialite_120x120.png\" class=\"attachment-full size-full\" alt=\"\" srcset=\"https:\/\/www.azerty.legal\/wp-content\/uploads\/2021\/02\/AZERTY_Icone_confidentialite_120x120.png 120w, https:\/\/www.azerty.legal\/wp-content\/uploads\/2021\/02\/AZERTY_Icone_confidentialite_120x120-100x100.png 100w\" sizes=\"auto, (max-width: 120px) 100vw, 120px\" \/>\t\t\t\t\t\t<\/div>\n\t<div class=\"qodef-iwt-content\" >\n\t\t\t\t\t<h4 class=\"qodef-iwt-title\" >\n\t\t\t\t\t\t\t\t<span class=\"qodef-iwt-title-text\">Confidentialit\u00e9<\/span>\n\t\t\t\t\t\t\t<\/h4>\n\t\t\t\t\t\t\t<p class=\"qodef-iwt-text\" style=\"color: #00546b\">Tout ce que vous nous confiez est secret et le restera. Nous sommes tr\u00e8s attach\u00e9s \u00e0 ce principe, qui est le socle d&#039;une relation de confiance.<\/p>\n\t\t\t<\/div>\n<\/div>[\/vc_column][vc_column width=\u00a0\u00bb1\/4&Prime;]<div class=\"qodef-iwt clearfix  qodef-iwt-icon-top qodef-iwt-icon-medium \">\n\t<div class=\"qodef-iwt-icon\">\n\t\t\t\t\t\t\t\t\t<img loading=\"lazy\" decoding=\"async\" width=\"120\" height=\"120\" src=\"https:\/\/www.azerty.legal\/wp-content\/uploads\/2021\/05\/AZERTY_Icone_integrite_120x120_2.png\" class=\"attachment-full size-full\" alt=\"\" srcset=\"https:\/\/www.azerty.legal\/wp-content\/uploads\/2021\/05\/AZERTY_Icone_integrite_120x120_2.png 120w, https:\/\/www.azerty.legal\/wp-content\/uploads\/2021\/05\/AZERTY_Icone_integrite_120x120_2-100x100.png 100w\" sizes=\"auto, (max-width: 120px) 100vw, 120px\" \/>\t\t\t\t\t\t<\/div>\n\t<div class=\"qodef-iwt-content\" >\n\t\t\t\t\t<h4 class=\"qodef-iwt-title\" >\n\t\t\t\t\t\t\t\t<span class=\"qodef-iwt-title-text\">Int\u00e9grit\u00e9<\/span>\n\t\t\t\t\t\t\t<\/h4>\n\t\t\t\t\t\t\t<p class=\"qodef-iwt-text\" style=\"color: #00546b\">AZERTY est soumis \u00e0 la d\u00e9ontologie des conseils en propri\u00e9t\u00e9 industrielle, profession r\u00e9glement\u00e9e par la loi et conf\u00e9rant aux clients des garanties strictes<\/p>\n\t\t\t<\/div>\n<\/div>[\/vc_column][vc_column width=\u00a0\u00bb1\/4&Prime;][\/vc_column][\/vc_row][vc_row][vc_column][vc_empty_space][vc_empty_space][\/vc_column][\/vc_row][vc_row][vc_column][vc_empty_space][vc_column_text]<\/p>\r\n<p><span style=\"color: #00546b;\"> Chez AZERTY, la d\u00e9ontologie est essentielle.\u00a0\u00catre \u00ab\u00a0conseil en propri\u00e9t\u00e9 intellectuelle\u00a0\u00bb signifie \u00eatre soumis \u00e0 une d\u00e9ontologie stricte voulue par la loi. La profession de conseil en propri\u00e9t\u00e9 industrielle est une profession juridique r\u00e9glement\u00e9e, au m\u00eame titre que la profession d&rsquo;avocat.<\/span><\/p>\r\n<p>[\/vc_column_text][vc_empty_space][\/vc_column][\/vc_row][vc_row][vc_column width=\u00a0\u00bb1\/2&Prime;][vc_column_text]<!-- \/wp:post-content --><\/p>\r\n<p><span style=\"color: #00546b;\"><strong>Secret professionnel :<\/strong><\/span> l&rsquo;obligation principale du conseil en propri\u00e9t\u00e9 industrielle consiste en l&rsquo;observation stricte du secret professionnel. Il s&rsquo;agit ici de la garantie la plus importante offerte \u00e0 ses clients. Ainsi, le principe du secret professionnel est un principe g\u00e9n\u00e9ral, absolu et d&rsquo;ordre public pour les conseils en propri\u00e9t\u00e9 industrielle. Le secret professionnel porte tant sur les dossiers que sur les correspondances.<\/p>\r\n<!-- wp:paragraph \/-->\r\n<p><!-- wp:paragraph -->Ce principe de confidentialit\u00e9 est garanti par le pouvoir judiciaire. A titre d&rsquo;exemple, un juge am\u00e9ricain avait, par d\u00e9cision de justice, ordonn\u00e9 \u00e0 un conseil en propri\u00e9t\u00e9 industrielle fran\u00e7ais, la fourniture de preuves dans une affaire de contrefa\u00e7on (affaire Rh\u00f4ne-Poulenc contre Bristol HS, 1999). Soutenu par les tribunaux fran\u00e7ais, le conseil en propri\u00e9t\u00e9 industrielle fran\u00e7ais a pu s&rsquo;opposer \u00e0 la d\u00e9cision am\u00e9ricaine, pr\u00e9servant ainsi, envers et contre tout et avec succ\u00e8s, la confidentialit\u00e9 du dossier.<\/p>\r\n<!-- \/wp:paragraph -->\r\n<p><!-- wp:paragraph -->Le secret professionnel rev\u00eat \u00e9galement une importance particuli\u00e8re au niveau fiscal, car l&rsquo;administration n&rsquo;est pas en mesure de solliciter des preuves (\u00e0 l&rsquo;exception des factures).<\/p>\r\n<!-- \/wp:paragraph -->\r\n<p><!-- wp:paragraph -->Le secret professionnel est consid\u00e9r\u00e9 comme tellement important que m\u00eame le conseil en propri\u00e9t\u00e9 industrielle lui-m\u00eame n&rsquo;a pas le droit de d\u00e9confidentialiser un dossier. Il ne peut le faire qu&rsquo;avec l&rsquo;accord \u00e9crit de son donneur d&rsquo;ordre.<\/p>\r\n<!-- \/wp:paragraph -->\r\n<p><!-- wp:paragraph -->Enfin, il est utile de pr\u00e9ciser ici que le secret professionnel ne doit pas \u00eatre confondu avec le principe d&rsquo;ind\u00e9pendance. Ainsi, le conseil en propri\u00e9t\u00e9 industrielle doit pr\u00e9server le secret professionnel sur ses propres correspondances avec ses confr\u00e8res.<\/p>\r\n<p>&nbsp;<\/p>\r\n<p>&nbsp;<\/p>\r\n<p>[\/vc_column_text][\/vc_column][vc_column width=\u00a0\u00bb1\/2&Prime;][vc_column_text]<\/p>\r\n<p><span style=\"color: #126077;\"> <strong><span style=\"color: #00546b;\">R\u00e8glement Int\u00e9rieur de la CNCPI :<\/span>\u00a0<\/strong><\/span>La profession de conseil en propri\u00e9t\u00e9 industrielle est sous le haut patronage de la CNCPI (Compagnie Nationale des Conseils en Propri\u00e9t\u00e9 Industrielle), et tous les conseils en propri\u00e9t\u00e9 industrielle sont soumis au r\u00e8glement int\u00e9rieur \u00e9dict\u00e9 par cette organisme plac\u00e9 sous le contr\u00f4le de l&rsquo;INPI.<\/p>\r\n<p>Selon ce r\u00e8glement int\u00e9rieur, tout conseil en propri\u00e9t\u00e9 industrielle doit agir avec conscience, probit\u00e9, prudence et loyaut\u00e9. Il doit faire preuve de diligence, de courtoisie et de d\u00e9licatesse. Toutes ses actions doivent \u00eatre accomplies avec diligence, et d\u00e9sint\u00e9ressement. Il se comporte avec honneur et dignit\u00e9 en toutes circonstances.<\/p>\r\n<p>Enfin, le conseil en propri\u00e9t\u00e9 industrielle doit veiller \u00e0 \u00e9viter tout conflit d\u2019int\u00e9r\u00eat. Dans une m\u00eame affaire, il ne peut conseiller deux parties oppos\u00e9es, cela m\u00eame lorsque l\u2019une des deux parties le contacte plusieurs ann\u00e9es apr\u00e8s.<\/p>\r\n<p>Dans ces circonstances, le conseil en propri\u00e9t\u00e9 industrielle doit s\u2019abstenir de toute activit\u00e9 commerciale : celle-ci est incompatible avec ses fonction de conseiller juridique. De la m\u00eame mani\u00e8re, le conseil en propri\u00e9t\u00e9 industrielle doit justifier d\u2019un casier judiciaire vierge.<\/p>\r\n<p>[\/vc_column_text][vc_empty_space][vc_column_text]<\/p>\r\n<p><span style=\"color: #126077;\"> <strong><span style=\"color: #00546b;\">Formation :<\/span>\u00a0<\/strong><\/span>Le conseil en propri\u00e9t\u00e9 industrielle, pour pouvoir exercer sous ce titre et fournir des prestations de conseil juridique, doit avant tout justifier de conditions de dipl\u00f4me. Il doit avoir un Master II en droit, et\/ou \u00eatre dipl\u00f4m\u00e9 du CEIPI (Centre d\u2019Etudes Internationales de la Propri\u00e9t\u00e9 Intellectuelle), organisme de formation internationalement r\u00e9put\u00e9 et rattach\u00e9 \u00e0 l\u2019Universit\u00e9 de Strasbourg. Il doit ensuite passer des examens professionnels complexes (\u00e9preuves \u00e9crites et orales), sous r\u00e9serve qu\u2019il ait valid\u00e9 au pr\u00e9alable 3 ans d\u2019exp\u00e9rience professionnelle acquise aupr\u00e8s d\u2019une personne dite \u00ab\u00a0qualifi\u00e9e\u00a0\u00bb, c\u2019est \u00e0 dire une personne elle-m\u00eame conseil en propri\u00e9t\u00e9 industrielle. Il s\u2019agit d\u2019onc d\u2019un v\u00e9ritable parcours du combattant. Aujourd&rsquo;hui, la profession compte environ 2500 personnes qualifi\u00e9es (contre environ 70 000 avocats).<\/p>\r\n<p>[\/vc_column_text][\/vc_column][\/vc_row][vc_row][vc_column][vc_empty_space][vc_empty_space][vc_empty_space][vc_empty_space][\/vc_column][\/vc_row][vc_row][vc_column]<div class=\"qodef-blog-list-holder qodef-bl-standard qodef-bl-three-columns qodef-large-space qodef-bl-pag-no-pagination\"  data-type=standard data-number-of-posts=-1 data-number-of-columns=3 data-space-between-items=large data-category=deontologie data-orderby=date data-order=ASC data-image-size=full data-title-tag=h6 data-post-info-author=yes data-post-info-category=yes data-pagination-type=no-pagination data-max-num-pages=0 data-next-page=2>\n\t<div class=\"qodef-bl-wrapper qodef-outer-space\">\n\t\t<ul class=\"qodef-blog-list\">\n\t\t\t<li class=\"qodef-bl-item qodef-item-space clearfix\">\n\t<div class=\"qodef-bli-inner\">\n\t\t\n\t<div class=\"qodef-post-image\">\n\t\t\t\t\t<a itemprop=\"url\" href=\"https:\/\/www.azerty.legal\/index.php\/2020\/11\/30\/bonjour-tout-le-monde\/\" title=\"La d\u00e9ontologie : votre garantie l\u00e9gale\">\n\t\t\t\t\t<img loading=\"lazy\" decoding=\"async\" width=\"600\" height=\"600\" src=\"https:\/\/www.azerty.legal\/wp-content\/uploads\/2021\/02\/AZERTY_Articles.png\" class=\"attachment-full size-full\" alt=\"\" srcset=\"https:\/\/www.azerty.legal\/wp-content\/uploads\/2021\/02\/AZERTY_Articles.png 600w, https:\/\/www.azerty.legal\/wp-content\/uploads\/2021\/02\/AZERTY_Articles-300x300.png 300w, https:\/\/www.azerty.legal\/wp-content\/uploads\/2021\/02\/AZERTY_Articles-150x150.png 150w, https:\/\/www.azerty.legal\/wp-content\/uploads\/2021\/02\/AZERTY_Articles-550x550.png 550w, https:\/\/www.azerty.legal\/wp-content\/uploads\/2021\/02\/AZERTY_Articles-100x100.png 100w\" sizes=\"auto, (max-width: 600px) 100vw, 600px\" \/>\t\t\t\t\t<\/a>\n\t\t\t\t\t<\/div>\n        <div class=\"qodef-bli-content\">\n            <div class=\"qodef-post-info-category\">\n    <a href=\"https:\/\/www.azerty.legal\/index.php\/category\/deontologie\/\" rel=\"category tag\">D\u00e9ontologie<\/a><\/div>\n<h6 itemprop=\"name\" class=\"entry-title qodef-post-title\" >\n            <a itemprop=\"url\" href=\"https:\/\/www.azerty.legal\/index.php\/2020\/11\/30\/bonjour-tout-le-monde\/\" title=\"La d\u00e9ontologie : votre garantie l\u00e9gale\">\n            La d\u00e9ontologie : votre garantie l\u00e9gale            <\/a>\n    <\/h6><div class=\"qodef-post-info-author\">\n    <span class=\"qodef-post-info-author-text\">\n            <\/span>\n    <a itemprop=\"author\" class=\"qodef-post-info-author-link\" href=\"https:\/\/www.azerty.legal\/index.php\/author\/admin3371\/\">\n        Pierre MOIGNET    <\/a>\n<\/div>        <\/div>\n\t<\/div>\n<\/li><li class=\"qodef-bl-item qodef-item-space clearfix\">\n\t<div class=\"qodef-bli-inner\">\n\t\t\n\t<div class=\"qodef-post-image\">\n\t\t\t\t\t<a itemprop=\"url\" href=\"https:\/\/www.azerty.legal\/index.php\/2022\/01\/13\/election-de-pierre-moignet-en-tant-que-correspondant-regional-de-la-cncpi\/\" title=\"Pierre MOIGNET \u00e9lu Responsable de l&rsquo;Action en R\u00e9gion de la CNCPI\">\n\t\t\t\t\t<img loading=\"lazy\" decoding=\"async\" width=\"600\" height=\"600\" src=\"https:\/\/www.azerty.legal\/wp-content\/uploads\/2021\/02\/AZERTY_Articles.png\" class=\"attachment-full size-full\" alt=\"\" srcset=\"https:\/\/www.azerty.legal\/wp-content\/uploads\/2021\/02\/AZERTY_Articles.png 600w, https:\/\/www.azerty.legal\/wp-content\/uploads\/2021\/02\/AZERTY_Articles-300x300.png 300w, https:\/\/www.azerty.legal\/wp-content\/uploads\/2021\/02\/AZERTY_Articles-150x150.png 150w, https:\/\/www.azerty.legal\/wp-content\/uploads\/2021\/02\/AZERTY_Articles-550x550.png 550w, https:\/\/www.azerty.legal\/wp-content\/uploads\/2021\/02\/AZERTY_Articles-100x100.png 100w\" sizes=\"auto, (max-width: 600px) 100vw, 600px\" \/>\t\t\t\t\t<\/a>\n\t\t\t\t\t<\/div>\n        <div class=\"qodef-bli-content\">\n            <div class=\"qodef-post-info-category\">\n    <a href=\"https:\/\/www.azerty.legal\/index.php\/category\/deontologie\/\" rel=\"category tag\">D\u00e9ontologie<\/a><\/div>\n<h6 itemprop=\"name\" class=\"entry-title qodef-post-title\" >\n            <a itemprop=\"url\" href=\"https:\/\/www.azerty.legal\/index.php\/2022\/01\/13\/election-de-pierre-moignet-en-tant-que-correspondant-regional-de-la-cncpi\/\" title=\"Pierre MOIGNET \u00e9lu Responsable de l&rsquo;Action en R\u00e9gion de la CNCPI\">\n            Pierre MOIGNET \u00e9lu Responsable de l&rsquo;Action en R\u00e9gion de la CNCPI            <\/a>\n    <\/h6><div class=\"qodef-post-info-author\">\n    <span class=\"qodef-post-info-author-text\">\n            <\/span>\n    <a itemprop=\"author\" class=\"qodef-post-info-author-link\" href=\"https:\/\/www.azerty.legal\/index.php\/author\/admin3371\/\">\n        Pierre MOIGNET    <\/a>\n<\/div>        <\/div>\n\t<\/div>\n<\/li>\t\t<\/ul>\n\t<\/div>\n\t<\/div>[\/vc_column][\/vc_row][vc_row][vc_column][vc_empty_space][vc_empty_space][vc_empty_space][vc_empty_space][vc_empty_space][vc_empty_space][vc_empty_space][vc_empty_space][vc_empty_space][vc_empty_space][\/vc_column][\/vc_row][vc_row full_width=\u00a0\u00bbstretch_row\u00a0\u00bb css=\u00a0\u00bb.vc_custom_1613502684634{background-image: url(https:\/\/www.azerty.legal\/wp-content\/uploads\/2021\/02\/AZERTY_Footer_vague_2200x350.png?id=3016) !important;}\u00a0\u00bb][vc_column][vc_empty_space][vc_empty_space][vc_single_image image=\u00a0\u00bb3036&Prime; img_size=\u00a0\u00bb710&#215;198&Prime; alignment=\u00a0\u00bbcenter\u00a0\u00bb][vc_empty_space][\/vc_column][\/vc_row]<\/p>","protected":false},"excerpt":{"rendered":"<p>[vc_row content_text_aligment=\u00a0\u00bbcenter\u00a0\u00bb][vc_column][vc_empty_space][vc_empty_space][vc_empty_space][\/vc_column][\/vc_row][vc_row content_text_aligment=\u00a0\u00bbcenter\u00a0\u00bb][vc_column width=\u00a0\u00bb1\/5&Prime;][\/vc_column][vc_column width=\u00a0\u00bb3\/5&Prime;][vc_column_text] Nous sommes les gardiens de vos secrets les plus sensibles : innovations, marques, designs&#8230; Nos experts sont soumis \u00e0 une d\u00e9ontologie stricte afin de vous fournir des services de qualit\u00e9. [\/vc_column_text][vc_empty_space][vc_empty_space][\/vc_column][vc_column width=\u00a0\u00bb1\/5&Prime;][\/vc_column][\/vc_row][vc_row][vc_column width=\u00a0\u00bb1\/4&Prime;][\/vc_column][vc_column width=\u00a0\u00bb1\/4&Prime;][\/vc_column][vc_column width=\u00a0\u00bb1\/4&Prime;][\/vc_column][vc_column [&hellip;]<\/p>\n","protected":false},"author":1,"featured_media":0,"parent":0,"menu_order":0,"comment_status":"closed","ping_status":"closed","template":"","meta":{"footnotes":""},"class_list":["post-77","page","type-page","status-publish","hentry"],"_links":{"self":[{"href":"https:\/\/www.azerty.legal\/index.php\/wp-json\/wp\/v2\/pages\/77","targetHints":{"allow":["GET"]}}],"collection":[{"href":"https:\/\/www.azerty.legal\/index.php\/wp-json\/wp\/v2\/pages"}],"about":[{"href":"https:\/\/www.azerty.legal\/index.php\/wp-json\/wp\/v2\/types\/page"}],"author":[{"embeddable":true,"href":"https:\/\/www.azerty.legal\/index.php\/wp-json\/wp\/v2\/users\/1"}],"replies":[{"embeddable":true,"href":"https:\/\/www.azerty.legal\/index.php\/wp-json\/wp\/v2\/comments?post=77"}],"version-history":[{"count":71,"href":"https:\/\/www.azerty.legal\/index.php\/wp-json\/wp\/v2\/pages\/77\/revisions"}],"predecessor-version":[{"id":3669,"href":"https:\/\/www.azerty.legal\/index.php\/wp-json\/wp\/v2\/pages\/77\/revisions\/3669"}],"wp:attachment":[{"href":"https:\/\/www.azerty.legal\/index.php\/wp-json\/wp\/v2\/media?parent=77"}],"curies":[{"name":"wp","href":"https:\/\/api.w.org\/{rel}","templated":true}]}}