{"id":30,"date":"2020-12-01T12:09:48","date_gmt":"2020-12-01T11:09:48","guid":{"rendered":"http:\/\/www.azerty.legal\/?page_id=30"},"modified":"2025-06-10T13:47:55","modified_gmt":"2025-06-10T11:47:55","slug":"contact","status":"publish","type":"page","link":"https:\/\/www.azerty.legal\/index.php\/contact\/","title":{"rendered":"Contact"},"content":{"rendered":"<p>[vc_row content_text_aligment=\u00a0\u00bbcenter\u00a0\u00bb][vc_column][vc_empty_space][vc_empty_space]<div class=\"qodef-section-title-holder   qodef-st-enable-text-separator qodef-st-text-available \" >\n\t<div class=\"qodef-st-inner\">\n\t\t\t\t\t<h2 class=\"qodef-st-title\" >\n\t\t\t\tContactez-nous\t\t\t<\/h2>\n\t\t\t\t<div class=\"qodef-st-text-holder clearfix\" >\n\t\t\t\t\t\t\t<span class=\"qodef-st-separator\"><\/span>\n\t\t\t\t\t\t\t\t\t\t<p class=\"qodef-st-text\" >\n\t\t\t\t\tNous vous r\u00e9pondrons rapidement\t\t\t\t<\/p>\n\t\t\t\t\t<\/div>\n\t\t\t<\/div>\n<\/div>[vc_empty_space][vc_empty_space][\/vc_column][\/vc_row][vc_row][vc_column width=\u00a0\u00bb1\/2&Prime;]<div class=\"qodef-elements-holder   qodef-one-column  qodef-responsive-mode-768 qodef-one-column-alignment-right\" ><div class=\"qodef-eh-item  qodef-vertical-alignment-top  \"  data-item-class=\"qodef-eh-custom-1585\">\n\t<div class=\"qodef-eh-item-inner\">\n\t\t<div class=\"qodef-eh-item-content qodef-eh-custom-1585\" >\n\t\t\t<div class=\"qodef-single-image-holder   \">\n    <div class=\"qodef-si-inner\" >\n                                    <img loading=\"lazy\" decoding=\"async\" width=\"1920\" height=\"1279\" src=\"https:\/\/www.azerty.legal\/wp-content\/uploads\/2021\/02\/AZERTY-contact.png\" class=\"attachment-full size-full\" alt=\"\" srcset=\"https:\/\/www.azerty.legal\/wp-content\/uploads\/2021\/02\/AZERTY-contact.png 1920w, https:\/\/www.azerty.legal\/wp-content\/uploads\/2021\/02\/AZERTY-contact-300x200.png 300w, https:\/\/www.azerty.legal\/wp-content\/uploads\/2021\/02\/AZERTY-contact-1024x682.png 1024w, https:\/\/www.azerty.legal\/wp-content\/uploads\/2021\/02\/AZERTY-contact-768x512.png 768w, https:\/\/www.azerty.legal\/wp-content\/uploads\/2021\/02\/AZERTY-contact-1536x1023.png 1536w, https:\/\/www.azerty.legal\/wp-content\/uploads\/2021\/02\/AZERTY-contact-600x400.png 600w\" sizes=\"auto, (max-width: 1920px) 100vw, 1920px\" \/>                        <\/div>\n<\/div>[vc_column_text]<\/p>\n<h3>D\u00e9crivez-nous votre situation en quelques mots, nous vous r\u00e9pondons gracieusement. Chez AZERTY, la confidentialit\u00e9 de nos \u00e9changes est garantie.<\/h3>\n<p>[\/vc_column_text][vc_empty_space]<div class=\"qodef-counter-holder \">\n\t<div class=\"qodef-counter-inner\">\n\t\t\t\t\t<span class=\"qodef-counter qodef-zero-counter\" >24<\/span>\n\t\t\t\t\t\t\t<h2 class=\"qodef-counter-title\" >\n\t\t\t\tHeures\t\t\t<\/h2>\n\t\t\t\t\t\t\t<p class=\"qodef-counter-text\" >C&#039;est notre engagement pour vous r\u00e9pondre.<\/p>\n\t\t\t<\/div>\n<\/div>[vc_empty_space]    <span class=\"qodef-icon-shortcode qodef-normal   qodef-icon-medium\" style=\"margin: 30px 30px 30px 30px\" data-hover-color=\"#99cbcc\" data-color=\"#00546b\">\n                    <i class=\"qodef-icon-font-awesome fa fa-linkedin-square qodef-icon-element\" style=\"color: #00546b\" ><\/i>            <\/span>\n    <span class=\"qodef-icon-shortcode qodef-normal   qodef-icon-medium\" style=\"margin: 30px 30px 30px 30px\" data-hover-color=\"#99cbcc\" data-color=\"#00546b\">\n                    <a itemprop=\"url\" class=\"\" href=\"https:\/\/twitter.com\/AZERTY_Legal\" target=\"_blank\">\n                    <i class=\"qodef-icon-font-awesome fa fa-twitter-square qodef-icon-element\" style=\"color: #00546b\" ><\/i>                    <\/a>\n            <\/span>\n    <span class=\"qodef-icon-shortcode qodef-normal   qodef-icon-medium\" style=\"margin: 30px 30px 30px 30px\" data-hover-color=\"#99cbcc\" data-color=\"#00546b\">\n                    <a itemprop=\"url\" class=\"\" href=\"https:\/\/www.facebook.com\/AZERTY_Legal-101290265280026\" target=\"_blank\">\n                    <i class=\"qodef-icon-font-awesome fa fa-facebook-square qodef-icon-element\" style=\"color: #00546b\" ><\/i>                    <\/a>\n            <\/span>\n    <span class=\"qodef-icon-shortcode qodef-normal   qodef-icon-medium\" style=\"margin: 30px 30px 30px 30px\" data-hover-color=\"#99cbcc\" data-color=\"#00546b\">\n                    <a itemprop=\"url\" class=\"\" href=\"https:\/\/www.instagram.com\/azerty_legal\/\" target=\"_blank\">\n                    <i class=\"qodef-icon-font-awesome fa fa-instagram qodef-icon-element\" style=\"color: #00546b\" ><\/i>                    <\/a>\n            <\/span>\n    <span class=\"qodef-icon-shortcode qodef-normal   qodef-icon-medium\" style=\"margin: 30px 30px 30px 30px\" data-hover-color=\"#99cbcc\" data-color=\"#00546b\">\n                    <a itemprop=\"url\" class=\"\" href=\"https:\/\/www.pinterest.fr\/faef31206b6e92b78f13ce7e3f78c1\/_saved\/\" target=\"_blank\">\n                    <i class=\"qodef-icon-font-awesome fa fa-pinterest-square qodef-icon-element\" style=\"color: #00546b\" ><\/i>                    <\/a>\n            <\/span>\n\t\t<\/div>\n\t<\/div>\n<\/div><\/div>[\/vc_column][vc_column width=\u00a0\u00bb1\/2&Prime;]\n<div class=\"wpcf7 no-js\" id=\"wpcf7-f44-o1\" lang=\"fr-FR\" dir=\"ltr\" data-wpcf7-id=\"44\">\n<div class=\"screen-reader-response\"><p role=\"status\" aria-live=\"polite\" aria-atomic=\"true\"><\/p> <ul><\/ul><\/div>\n<form action=\"\/index.php\/wp-json\/wp\/v2\/pages\/30#wpcf7-f44-o1\" method=\"post\" class=\"wpcf7-form init cf7_custom_style_1\" aria-label=\"Formulaire de contact\" novalidate=\"novalidate\" data-status=\"init\">\n<fieldset class=\"hidden-fields-container\"><input type=\"hidden\" name=\"_wpcf7\" value=\"44\" \/><input type=\"hidden\" name=\"_wpcf7_version\" value=\"6.1.5\" \/><input type=\"hidden\" name=\"_wpcf7_locale\" value=\"fr_FR\" \/><input type=\"hidden\" name=\"_wpcf7_unit_tag\" value=\"wpcf7-f44-o1\" \/><input type=\"hidden\" name=\"_wpcf7_container_post\" value=\"0\" \/><input type=\"hidden\" name=\"_wpcf7_posted_data_hash\" value=\"\" \/>\n<\/fieldset>\n<p><label> Soci\u00e9t\u00e9<br \/>\n<span class=\"wpcf7-form-control-wrap\" data-name=\"your-company\"><input size=\"40\" maxlength=\"400\" class=\"wpcf7-form-control wpcf7-text\" aria-invalid=\"false\" value=\"\" type=\"text\" name=\"your-company\" \/><\/span> <\/label>\n<\/p>\n<p><label> Nom*<br \/>\n<span class=\"wpcf7-form-control-wrap\" data-name=\"your-name\"><input size=\"40\" maxlength=\"400\" class=\"wpcf7-form-control wpcf7-text wpcf7-validates-as-required\" aria-required=\"true\" aria-invalid=\"false\" value=\"\" type=\"text\" name=\"your-name\" \/><\/span> <\/label>\n<\/p>\n<p><label> Pr\u00e9nom*<br \/>\n<span class=\"wpcf7-form-control-wrap\" data-name=\"your-surname\"><input size=\"40\" maxlength=\"400\" class=\"wpcf7-form-control wpcf7-text wpcf7-validates-as-required\" aria-required=\"true\" aria-invalid=\"false\" value=\"\" type=\"text\" name=\"your-surname\" \/><\/span> <\/label>\n<\/p>\n<p><label> Num\u00e9ro de t\u00e9l\u00e9phone*<br \/>\n<span class=\"wpcf7-form-control-wrap\" data-name=\"your-number\"><input size=\"40\" maxlength=\"400\" class=\"wpcf7-form-control wpcf7-text wpcf7-validates-as-required\" aria-required=\"true\" aria-invalid=\"false\" value=\"\" type=\"text\" name=\"your-number\" \/><\/span> <\/label>\n<\/p>\n<p><label> Adresse e-mail*<br \/>\n<span class=\"wpcf7-form-control-wrap\" data-name=\"your-email\"><input size=\"40\" maxlength=\"400\" class=\"wpcf7-form-control wpcf7-email wpcf7-validates-as-required wpcf7-text wpcf7-validates-as-email\" aria-required=\"true\" aria-invalid=\"false\" value=\"\" type=\"email\" name=\"your-email\" \/><\/span> <\/label>\n<\/p>\n<p><label> Votre message*<br \/>\n<span class=\"wpcf7-form-control-wrap\" data-name=\"your-message\"><textarea cols=\"40\" rows=\"10\" maxlength=\"2000\" class=\"wpcf7-form-control wpcf7-textarea\" aria-invalid=\"false\" name=\"your-message\"><\/textarea><\/span> <\/label>\n<\/p>\n<p><span class=\"wpcf7-form-control-wrap\" data-name=\"checkbox-386\"><span class=\"wpcf7-form-control wpcf7-checkbox wpcf7-validates-as-required\"><span class=\"wpcf7-list-item first last\"><label><input type=\"checkbox\" name=\"checkbox-386[]\" value=\"En soumettant ce formulaire, j&#039;accepte la politique de confidentialit\u00e9 du site www.azerty.legal.\" \/><span class=\"wpcf7-list-item-label\">En soumettant ce formulaire, j&#039;accepte la politique de confidentialit\u00e9 du site www.azerty.legal.<\/span><\/label><\/span><\/span><\/span>\n<\/p>\n<p><input class=\"wpcf7-form-control wpcf7-submit has-spinner\" type=\"submit\" value=\"Envoyer\" \/>\n<\/p>\n<p>*Champs obligatoires\n<\/p><div class=\"wpcf7-response-output\" aria-hidden=\"true\"><\/div>\n<\/form>\n<\/div>\n[\/vc_column][\/vc_row][vc_row][vc_column][vc_empty_space][vc_empty_space][vc_empty_space][vc_empty_space][vc_empty_space][vc_empty_space][vc_empty_space][vc_empty_space][vc_empty_space][vc_empty_space][\/vc_column][\/vc_row][vc_row full_width=\u00a0\u00bbstretch_row\u00a0\u00bb css=\u00a0\u00bb.vc_custom_1613502540157{background-image: url(https:\/\/www.azerty.legal\/wp-content\/uploads\/2021\/02\/AZERTY_Footer_vague_2200x350.png?id=3016) !important;}\u00a0\u00bb][vc_column][vc_empty_space][vc_empty_space][vc_single_image image=\u00a0\u00bb3036&Prime; img_size=\u00a0\u00bb710&#215;198&Prime; alignment=\u00a0\u00bbcenter\u00a0\u00bb][vc_empty_space][\/vc_column][\/vc_row]<\/p>\n","protected":false},"excerpt":{"rendered":"<p>[vc_row content_text_aligment=\u00a0\u00bbcenter\u00a0\u00bb][vc_column][vc_empty_space][vc_empty_space][vc_empty_space][vc_empty_space][\/vc_column][\/vc_row][vc_row][vc_column width=\u00a0\u00bb1\/2&Prime;][\/vc_column][vc_column width=\u00a0\u00bb1\/2&Prime;][\/vc_column][\/vc_row][vc_row][vc_column][vc_empty_space][vc_empty_space][vc_empty_space][vc_empty_space][vc_empty_space][vc_empty_space][vc_empty_space][vc_empty_space][vc_empty_space][vc_empty_space][\/vc_column][\/vc_row][vc_row full_width=\u00a0\u00bbstretch_row\u00a0\u00bb css=\u00a0\u00bb.vc_custom_1613502540157{background-image: url(https:\/\/www.azerty.legal\/wp-content\/uploads\/2021\/02\/AZERTY_Footer_vague_2200x350.png?id=3016) !important;}\u00a0\u00bb][vc_column][vc_empty_space][vc_empty_space][vc_single_image image=\u00a0\u00bb3036&Prime; img_size=\u00a0\u00bb710&#215;198&Prime; alignment=\u00a0\u00bbcenter\u00a0\u00bb][vc_empty_space][\/vc_column][\/vc_row]<\/p>\n","protected":false},"author":1,"featured_media":0,"parent":0,"menu_order":0,"comment_status":"closed","ping_status":"closed","template":"","meta":{"footnotes":""},"class_list":["post-30","page","type-page","status-publish","hentry"],"_links":{"self":[{"href":"https:\/\/www.azerty.legal\/index.php\/wp-json\/wp\/v2\/pages\/30","targetHints":{"allow":["GET"]}}],"collection":[{"href":"https:\/\/www.azerty.legal\/index.php\/wp-json\/wp\/v2\/pages"}],"about":[{"href":"https:\/\/www.azerty.legal\/index.php\/wp-json\/wp\/v2\/types\/page"}],"author":[{"embeddable":true,"href":"https:\/\/www.azerty.legal\/index.php\/wp-json\/wp\/v2\/users\/1"}],"replies":[{"embeddable":true,"href":"https:\/\/www.azerty.legal\/index.php\/wp-json\/wp\/v2\/comments?post=30"}],"version-history":[{"count":157,"href":"https:\/\/www.azerty.legal\/index.php\/wp-json\/wp\/v2\/pages\/30\/revisions"}],"predecessor-version":[{"id":4163,"href":"https:\/\/www.azerty.legal\/index.php\/wp-json\/wp\/v2\/pages\/30\/revisions\/4163"}],"wp:attachment":[{"href":"https:\/\/www.azerty.legal\/index.php\/wp-json\/wp\/v2\/media?parent=30"}],"curies":[{"name":"wp","href":"https:\/\/api.w.org\/{rel}","templated":true}]}}