{"id":252,"date":"2020-12-08T11:36:42","date_gmt":"2020-12-08T10:36:42","guid":{"rendered":"http:\/\/www.azerty.legal\/?page_id=252"},"modified":"2022-11-18T14:19:05","modified_gmt":"2022-11-18T13:19:05","slug":"portail-numerique","status":"publish","type":"page","link":"https:\/\/www.azerty.legal\/index.php\/portail-numerique\/","title":{"rendered":"Portail NUMERIQUE"},"content":{"rendered":"<p>[vc_row][vc_column][vc_empty_space][vc_empty_space][\/vc_column][\/vc_row][vc_row][vc_column width=\u00a0\u00bb1\/4&Prime;][vc_empty_space]<div class=\"qodef-section-title-holder   qodef-st-enable-text-separator qodef-st-text-available \" >\n\t<div class=\"qodef-st-inner\">\n\t\t\t\t\t<h2 class=\"qodef-st-title\" >\n\t\t\t\tNoms de domaine\t\t\t<\/h2>\n\t\t\t\t<div class=\"qodef-st-text-holder clearfix\" >\n\t\t\t\t\t\t\t<span class=\"qodef-st-separator\"><\/span>\n\t\t\t\t\t\t\t\t\t\t<p class=\"qodef-st-text\" >\n\t\t\t\t\tProt\u00e9ger sa marque sur Internet\t\t\t\t<\/p>\n\t\t\t\t\t<\/div>\n\t\t\t<\/div>\n<\/div>[\/vc_column][vc_column width=\u00a0\u00bb3\/4&Prime;][vc_column_text]<\/p>\n<h3>L\u2019importance des noms de domaine n\u2019est aujourd\u2019hui plus \u00e0 prouver. Pr\u00e9requis indispensable \u00e0 la cr\u00e9ation d\u2019un site web, le nom de domaine constitue l\u2019un des grands outils marketing permettant d\u2019assurer la p\u00e9rennit\u00e9 d\u2019une marque sur internet.<\/h3>\n<p>[\/vc_column_text][vc_empty_space][\/vc_column][\/vc_row][vc_row][vc_column][vc_empty_space][vc_empty_space][\/vc_column][\/vc_row][vc_row][vc_column width=\u00a0\u00bb1\/4&Prime;][vc_column_text]<span style=\"color: #00546b;\">Plus de 320 millions de noms de domaine sont en vigueur en 2020 !\u00a0De nombreuses difficult\u00e9s r\u00e9sultent de cette situation : indisponibilit\u00e9, usurpation, probl\u00e9matiques de rachat&#8230; AZERTY est sp\u00e9cialis\u00e9 dans le num\u00e9rique et vous accompagne dans tous vos projets n\u00e9cessitant des comp\u00e9tences particuli\u00e8res.<\/span>[\/vc_column_text][vc_empty_space]<div class=\"qodef-single-image-holder   \">\n    <div class=\"qodef-si-inner\" >\n                                    <img loading=\"lazy\" decoding=\"async\" width=\"400\" height=\"200\" src=\"https:\/\/www.azerty.legal\/wp-content\/uploads\/2021\/02\/AZERTY_Schema_nom_de_domaine.jpg\" class=\"attachment-full size-full\" alt=\"\" srcset=\"https:\/\/www.azerty.legal\/wp-content\/uploads\/2021\/02\/AZERTY_Schema_nom_de_domaine.jpg 400w, https:\/\/www.azerty.legal\/wp-content\/uploads\/2021\/02\/AZERTY_Schema_nom_de_domaine-300x150.jpg 300w\" sizes=\"auto, (max-width: 400px) 100vw, 400px\" \/>                        <\/div>\n<\/div>[\/vc_column][vc_column width=\u00a0\u00bb3\/4&Prime;]<div class=\"qodef-tabs \">\n\t<ul class=\"qodef-tabs-nav clearfix\">\n\t\t\t\t\t<li>\n\t\t\t\t\t\t\t\t\t<a href=\"#tab-extension-generiques\">Extension g\u00e9n\u00e9riques<\/a>\n\t\t\t\t\t\t\t<\/li>\n\t\t\t\t\t<li>\n\t\t\t\t\t\t\t\t\t<a href=\"#tab-extensions-geographiques\">Extensions g\u00e9ographiques<\/a>\n\t\t\t\t\t\t\t<\/li>\n\t\t\t\t\t<li>\n\t\t\t\t\t\t\t\t\t<a href=\"#tab-nouvelles-extensions\">Nouvelles extensions<\/a>\n\t\t\t\t\t\t\t<\/li>\n\t\t\t<\/ul>\n\t<div class=\"qodef-tab-container\" id=\"tab-extension-generiques-943\">[vc_column_text]Les extensions g\u00e9n\u00e9riques, dites \u00ab\u00a0gTLD\u00a0\u00bb (generic top level domain), sont les extensions traditionnelles du web. Elles ont grandi avec lui et sont bien connues du grand public. Les plus connues sont .com, .net, .org, .biz, .info. A l&rsquo;origine, l&rsquo;extension .com \u00e9tait d\u00e9di\u00e9e aux activit\u00e9s commerciales, mais le succ\u00e8s de cette extension, consid\u00e9r\u00e9e comme l&rsquo;arch\u00e9type de toutes les extensions existantes, a d\u00e9cloisonn\u00e9 cette restriction. Aujourd&rsquo;hui, le succ\u00e8s de l&rsquo;extension .com est tel que <strong>les noms de domaine en .com se rar\u00e9fient drastiquement<\/strong>. La raret\u00e9 des noms de domaine disponibles a engendr\u00e9 une forte valorisation de l&rsquo;extension .com, \u00e0 tel point que de nombreux projets de marque sont conditionn\u00e9s \u00e0 la disponibilit\u00e9 du nom de domaine en .com. Le march\u00e9 de l&rsquo;occasion est d&rsquo;ailleurs florissant. Quelque soit l&rsquo;extension choisie, l&rsquo;utilisateur est tenu de <strong>respecter la charte de nommage de l&rsquo;extension<\/strong> : il doit veiller \u00e0 r\u00e9pondre \u00e0 toutes les exigences de ce document, qui font peser des obligations tant au regard du contenu du site Internet que de l&rsquo;utilisateur lui-m\u00eame. Le syst\u00e8me est complexifi\u00e9 du fait qu&rsquo;il existe presque autant de charte de nommage que d&rsquo;extensions, soit plus de 2500. En tout \u00e9tat de cause, l<strong>e non-respect de la charte de nommage peut entrainer la perte du nom de domaine<\/strong>. Des v\u00e9rifications pr\u00e9alables doivent \u00eatre \u00eatre men\u00e9es ![\/vc_column_text]<\/div><div class=\"qodef-tab-container\" id=\"tab-extensions-geographiques-22\">[vc_column_text]Les extensions g\u00e9ographiques (\u00ab\u00a0gTLD\u00a0\u00bb, pour generic top level domain) sont des extensions dont la gestion a \u00e9t\u00e9 confi\u00e9e aux Etats. Ainsi, l&rsquo;extension .fr se rapporte \u00e0 la France, l&rsquo;extension .de se rapporte \u00e0 l&rsquo;Allemagne, .co.uk au Royaume-Uni&#8230; Une extension par pays. Attention, certaines extensions semblent \u00eatre g\u00e9n\u00e9riques, mais sont en fait des extensions g\u00e9ographiques ! L&rsquo;exemple le plus pertinent est l&rsquo;extension .tv. Pl\u00e9biscit\u00e9e pour les chaines de t\u00e9l\u00e9vision, cette extension se rapportait \u00e0 l&rsquo;origine aux \u00celes Tuvalu. Les Etats ont g\u00e9n\u00e9ralement mis en place des chartes de nommage particuli\u00e8res. Beaucoup d&rsquo;entre elles sont restrictives, en ce sens qu&rsquo;elles comportent certaines conditions, et notamment en ce qui concerne l&rsquo;utilisateur qui devra souvent respecter une condition de nationalit\u00e9, voire d\u00e9tenir au pr\u00e9alable une marque enregistr\u00e9e. En tout \u00e9tat de cause, la vigilance est de mise, au risque de perdre la titularit\u00e9 du nom de domaine g\u00e9ographique, \u00e0 plus forte raison dans le contexte du Brexit, ayant un impact sur l&rsquo;extension .eu.[\/vc_column_text]<\/div><div class=\"qodef-tab-container\" id=\"tab-nouvelles-extensions-82\">[vc_column_text]Face aux difficult\u00e9s des utilisateurs \u00e0 trouver des noms de domaine disponibles dans les extensions g\u00e9n\u00e9riques ou g\u00e9ographiques, la haute autorit\u00e9 de r\u00e9gulation d&rsquo;Internet a mis au point ces dix derni\u00e8res ann\u00e9es un programme ambitieux d&rsquo;ouverture de nouvelles extensions. Ainsi, plus de 2000 nouvelles extensions, dites \u00ab\u00a0New gTLD\u00a0\u00bb, ont vu le jour : .pizza, .top, .one, .shop, .boutique, .immo&#8230; L&rsquo;avantage de ces nouvelles extensions r\u00e9side indiscutablement, dans la majorit\u00e9 des cas, dans le caract\u00e8re g\u00e9n\u00e9rique du message d\u00e9livr\u00e9 par l&rsquo;extension. Ainsi, AZERTY a d\u00e9lib\u00e9r\u00e9ment choisi de s&rsquo;inscrire dans cette tendance en adoptant l&rsquo;extension .legal, sugg\u00e9rant ainsi le caract\u00e8re juridique de notre activit\u00e9. Si vous rencontrez des difficult\u00e9s \u00e0 choisir un nom de domaine disponible, n&rsquo;h\u00e9sitez pas \u00e0 nous contacter, nous vous aiderons \u00e0 construire une strat\u00e9gie pertinente pour assurer votre pr\u00e9sence sur Internet.[\/vc_column_text]<\/div><\/div>[\/vc_column][\/vc_row][vc_row][vc_column][vc_empty_space][\/vc_column][\/vc_row][vc_row][vc_column][vc_empty_space][\/vc_column][\/vc_row][vc_row full_width=\u00a0\u00bbstretch_row_content_no_spaces\u00a0\u00bb gap=\u00a0\u00bb35&Prime; content_placement=\u00a0\u00bbbottom\u00a0\u00bb content_text_aligment=\u00a0\u00bbcenter\u00a0\u00bb css=\u00a0\u00bb.vc_custom_1612296612929{background-color: #99cbcc !important;}\u00a0\u00bb][vc_column width=\u00a0\u00bb1\/3&Prime;][\/vc_column][vc_column width=\u00a0\u00bb1\/3&Prime;][vc_column_text el_class=\u00a0\u00bbtextdegrad1&Prime;]<\/p>\n<h2 style=\"text-align: center;\"><span style=\"color: #00546b;\">Mille et une fa\u00e7ons<\/span><\/h2>\n<p>[\/vc_column_text][vc_column_text]<\/p>\n<h5 style=\"text-align: center;\"><span style=\"color: #ffffff;\">De d\u00e9tourner votre client\u00e8le<\/span><\/h5>\n<p>[\/vc_column_text][\/vc_column][vc_column width=\u00a0\u00bb1\/3&Prime;][\/vc_column][\/vc_row][vc_row full_width=\u00a0\u00bbstretch_row_content_no_spaces\u00a0\u00bb gap=\u00a0\u00bb35&Prime; content_placement=\u00a0\u00bbmiddle\u00a0\u00bb content_text_aligment=\u00a0\u00bbcenter\u00a0\u00bb css=\u00a0\u00bb.vc_custom_1612206529429{background-color: #99cbcc !important;}\u00a0\u00bb][vc_column width=\u00a0\u00bb1\/3&Prime;][vc_column_text]<\/p>\n<h4 style=\"text-align: center;\"><span style=\"color: #00546b;\">Usurpation<\/span><\/h4>\n<p>[\/vc_column_text][vc_column_text]<span style=\"color: #ffffff;\">Les personnes physiques ayant une vie publique particuli\u00e8rement dense en fond souvent les frais. De nombreux hommes politiques ont vu, en particulier lors campagnes \u00e9lectorales, leurs noms de famille usurp\u00e9s, soit pour cr\u00e9er un contenu d\u00e9nigrant, soit pour les priver de cet usage, soit pour une revente au prix fort.<\/span>[\/vc_column_text][\/vc_column][vc_column width=\u00a0\u00bb1\/3&Prime;][vc_column_text]<\/p>\n<h4 style=\"text-align: center;\"><span style=\"color: #00546b;\">Typosquatting<\/span><\/h4>\n<p>[\/vc_column_text][vc_column_text]<span style=\"color: #ffffff;\">Le typosquatting est une pratique consistant, pour un pirate de l&rsquo;informatique, \u00e0 r\u00e9server un nom de domaine presque identique \u00e0 une marque : seule une faute de frappe distingue la marque originale du nom de domaine. Exemple : Coca-Col<span style=\"color: #00546b;\">z<\/span> (la lettre \u00ab\u00a0z\u00a0\u00bb est \u00e0 proximit\u00e9 de la lettre \u00ab\u00a0a\u00a0\u00bb sur le clavier d&rsquo;ordinateur).<\/span>[\/vc_column_text][\/vc_column][vc_column width=\u00a0\u00bb1\/3&Prime;][vc_column_text]<\/p>\n<h4 style=\"text-align: center;\"><span style=\"color: #00546b;\">Dotsquatting<\/span><\/h4>\n<p>[\/vc_column_text][vc_column_text]<span style=\"color: #ffffff;\">Press\u00e9 par le temps, l&rsquo;internaute peut oublier de taper le point entre \u00ab\u00a0www\u00a0\u00bb et votre nom de domaine. Il est alors automatique redirig\u00e9 par le navigateur vers le site \u00ab\u00a0wwwmarque.com\u00a0\u00bb. Aujourd&rsquo;hui moins courante, cette pratique m\u00e9rite qu&rsquo;on y reste toujours attentif.<\/span>[\/vc_column_text][\/vc_column][\/vc_row][vc_row full_width=\u00a0\u00bbstretch_row_content_no_spaces\u00a0\u00bb gap=\u00a0\u00bb35&Prime; content_placement=\u00a0\u00bbmiddle\u00a0\u00bb content_text_aligment=\u00a0\u00bbcenter\u00a0\u00bb css=\u00a0\u00bb.vc_custom_1612206529429{background-color: #99cbcc !important;}\u00a0\u00bb][vc_column width=\u00a0\u00bb1\/3&Prime;][vc_column_text]<\/p>\n<h4 style=\"text-align: center;\"><span style=\"color: #00546b;\">Page parking<\/span><\/h4>\n<p>[\/vc_column_text][vc_column_text]<span style=\"color: #ffffff;\">Cette atteinte est caract\u00e9ris\u00e9e lorsqu&rsquo;un tiers r\u00e9serve votre marque comme nom de domaine dans une extension que vous n&rsquo;avez pas s\u00e9curis\u00e9e. La page propose des liens vers des offres concurrentes. Votre client\u00e8le se d\u00e9tourne ainsi de vos propres produits ou services. L&rsquo;auteur est r\u00e9mun\u00e9r\u00e9 au clic.<\/span>[\/vc_column_text][vc_empty_space][vc_empty_space][\/vc_column][vc_column width=\u00a0\u00bb1\/3&Prime;][vc_column_text]<\/p>\n<h4 style=\"text-align: center;\"><span style=\"color: #00546b;\">Vols de donn\u00e9es clients<\/span><\/h4>\n<p>[\/vc_column_text][vc_column_text]<span style=\"color: #ffffff;\">Ici, le nom de domaine litigieux renvoie vers un site web identique au v\u00f4tre. L&rsquo;internaute ne voit pas la diff\u00e9rence, et rentre son identifiant et mot de passe, ses donn\u00e9es bancaires&#8230; Les donn\u00e9es sont intercept\u00e9es, puis revendues ou utilis\u00e9es de fa\u00e7on malveillante.<\/span>[\/vc_column_text][vc_empty_space][vc_empty_space][\/vc_column][vc_column width=\u00a0\u00bb1\/3&Prime;][vc_column_text]<\/p>\n<h4 style=\"text-align: center;\"><span style=\"color: #00546b;\">R\u00e9f\u00e9rencement payant<\/span><\/h4>\n<p>[\/vc_column_text][vc_column_text]<span style=\"color: #ffffff;\">Le r\u00e9f\u00e9rencement payant de type Google Ads permet de cibler la marque d\u2019un tiers. L\u2019internaute est alors amen\u00e9 vers le site concurrent. Apr\u00e8s de longs d\u00e9bats devant les tribunaux, un statu quo a \u00e9t\u00e9 mis en place. Diverses solutions juridiques existent malgr\u00e9 tout.<\/span>[\/vc_column_text][vc_empty_space][vc_empty_space][\/vc_column][\/vc_row][vc_row][vc_column][vc_empty_space][vc_empty_space][\/vc_column][\/vc_row][vc_row][vc_column width=\u00a0\u00bb2\/3&Prime;][vc_empty_space]<div class=\"qodef-section-title-holder   qodef-st-enable-text-separator qodef-st-text-available \" >\n\t<div class=\"qodef-st-inner\">\n\t\t\t\t\t<h2 class=\"qodef-st-title\" >\n\t\t\t\tVotre d\u00e9fense sur internet\t\t\t<\/h2>\n\t\t\t\t<div class=\"qodef-st-text-holder clearfix\" >\n\t\t\t\t\t\t\t<span class=\"qodef-st-separator\"><\/span>\n\t\t\t\t\t\t\t\t\t\t<p class=\"qodef-st-text\" >\n\t\t\t\t\tNous intervenons dans toute probl\u00e9matique li\u00e9e \u00e0 vos noms de domaine\t\t\t\t<\/p>\n\t\t\t\t\t<\/div>\n\t\t\t<\/div>\n<\/div>[vc_column_text]<\/p>\n<p style=\"text-align: left;\">La protection du seul code source par voie de brevet d&rsquo;invention est parfois difficile, voire impossible \u00e0 obtenir. De plus, la position fran\u00e7aise consiste \u00e0 consid\u00e9rer les logiciels comme des oeuvres de l&rsquo;esprit, ce qui implique une protection juridique par le biais du droit d&rsquo;auteur. D\u00e8s lors, la question de la preuve du droit se pose dans ces termes : comment revendiquer sa paternit\u00e9, \u00e0 partir d&rsquo;une date donn\u00e9e, sur une cr\u00e9ation num\u00e9rique ? Le cabinet AZERTY prot\u00e8ge vos cr\u00e9ations num\u00e9riques gr\u00e2ce \u00e0 des outils de datation reconnus officiellement par les tribunaux, certifiant votre qualit\u00e9 d&rsquo;auteur sur vos cr\u00e9ations num\u00e9riques. Contrairement aux id\u00e9es re\u00e7ues, la voie du brevet d&rsquo;invention reste cependant possible dans de nombreuses situation, n&rsquo;h\u00e9sitez pas \u00e0 nous contacter pour davantage de d\u00e9tails sur ce point pr\u00e9cis.<\/p>\n<p>[\/vc_column_text][\/vc_column][vc_column width=\u00a0\u00bb1\/3&Prime;][vc_empty_space]<div class=\"qodef-single-image-holder   \">\n    <div class=\"qodef-si-inner\" >\n                                    <img loading=\"lazy\" decoding=\"async\" width=\"300\" height=\"179\" src=\"https:\/\/www.azerty.legal\/wp-content\/uploads\/2021\/02\/test-300x179.png\" class=\"attachment-medium size-medium\" alt=\"\" srcset=\"https:\/\/www.azerty.legal\/wp-content\/uploads\/2021\/02\/test-300x179.png 300w, https:\/\/www.azerty.legal\/wp-content\/uploads\/2021\/02\/test-1024x611.png 1024w, https:\/\/www.azerty.legal\/wp-content\/uploads\/2021\/02\/test-768x458.png 768w, https:\/\/www.azerty.legal\/wp-content\/uploads\/2021\/02\/test-600x358.png 600w, https:\/\/www.azerty.legal\/wp-content\/uploads\/2021\/02\/test.png 1188w\" sizes=\"auto, (max-width: 300px) 100vw, 300px\" \/>                        <\/div>\n<\/div>[\/vc_column][\/vc_row][vc_row][vc_column][vc_empty_space][vc_empty_space][\/vc_column][\/vc_row][vc_row content_placement=\u00a0\u00bbmiddle\u00a0\u00bb content_text_aligment=\u00a0\u00bbcenter\u00a0\u00bb][vc_column width=\u00a0\u00bb1\/4&Prime;]<div class=\"qodef-single-image-holder   \">\n    <div class=\"qodef-si-inner\" >\n                                    <img loading=\"lazy\" decoding=\"async\" width=\"800\" height=\"300\" src=\"https:\/\/www.azerty.legal\/wp-content\/uploads\/2021\/02\/AZERTY_Icone_rachat_ndd-1.jpg\" class=\"attachment-full size-full\" alt=\"\" srcset=\"https:\/\/www.azerty.legal\/wp-content\/uploads\/2021\/02\/AZERTY_Icone_rachat_ndd-1.jpg 800w, https:\/\/www.azerty.legal\/wp-content\/uploads\/2021\/02\/AZERTY_Icone_rachat_ndd-1-300x113.jpg 300w, https:\/\/www.azerty.legal\/wp-content\/uploads\/2021\/02\/AZERTY_Icone_rachat_ndd-1-768x288.jpg 768w, https:\/\/www.azerty.legal\/wp-content\/uploads\/2021\/02\/AZERTY_Icone_rachat_ndd-1-600x225.jpg 600w\" sizes=\"auto, (max-width: 800px) 100vw, 800px\" \/>                        <\/div>\n<\/div>[\/vc_column][vc_column width=\u00a0\u00bb3\/4&Prime;]<div class=\"qodef-section-title-holder   qodef-st-enable-text-separator qodef-st-text-available qodef-st-position-left\" >\n\t<div class=\"qodef-st-inner\">\n\t\t\t\t\t<h2 class=\"qodef-st-title\" >\n\t\t\t\tRacheter un nom de domaine\t\t\t<\/h2>\n\t\t\t\t<div class=\"qodef-st-text-holder clearfix\" >\n\t\t\t\t\t\t\t<span class=\"qodef-st-separator\"><\/span>\n\t\t\t\t\t\t\t\t\t\t<p class=\"qodef-st-text\" >\n\t\t\t\t\tTout en prenant les pr\u00e9cautions n\u00e9cessaires\t\t\t\t<\/p>\n\t\t\t\t\t<\/div>\n\t\t\t<\/div>\n<\/div>[vc_column_text]<\/p>\n<p style=\"text-align: left;\">Lorsqu&rsquo;aucune solution purement juridique n&rsquo;est possible ou opportune, le rachat d&rsquo;un nom de domaine peut s&rsquo;av\u00e9rer une option int\u00e9ressante. Si elle n&rsquo;est pas solidement encadr\u00e9e, l&rsquo;op\u00e9ration de rachat peut \u00eatre risqu\u00e9e. En effet, si les transactions sur Internet annulent le temps et les distances, leur caract\u00e8re immat\u00e9riel n&rsquo;est pas gage de confiance. Quel acheteur accepterait de verser le prix de vente sans la garantie du bon transfert du nom de domaine ? Quel vendeur accepterait de transf\u00e9rer un nom de domaine sans avoir \u00e9t\u00e9 pay\u00e9 ? Ce dilemme est r\u00e9solu par notre processus de s\u00e9curisation des transactions. Nous assurons, avec notre partenaire tiers de confiance, la s\u00e9curisation de toute op\u00e9ration de rachat de noms de domaine, quel qu&rsquo;en soit le montant. Nous intervenons \u00e9galement sur tous les aspects contractuels.<\/p>\n<p>[\/vc_column_text][\/vc_column][\/vc_row][vc_row][vc_column][vc_empty_space][vc_empty_space][\/vc_column][\/vc_row][vc_row][vc_column width=\u00a0\u00bb2\/3&Prime;][vc_empty_space]<div class=\"qodef-section-title-holder   qodef-st-enable-text-separator qodef-st-text-available \" >\n\t<div class=\"qodef-st-inner\">\n\t\t\t\t\t<h2 class=\"qodef-st-title\" >\n\t\t\t\tCode source\t\t\t<\/h2>\n\t\t\t\t<div class=\"qodef-st-text-holder clearfix\" >\n\t\t\t\t\t\t\t<span class=\"qodef-st-separator\"><\/span>\n\t\t\t\t\t\t\t\t\t\t<p class=\"qodef-st-text\" >\n\t\t\t\t\tLogiciels, sites web...\t\t\t\t<\/p>\n\t\t\t\t\t<\/div>\n\t\t\t<\/div>\n<\/div>[vc_column_text]<\/p>\n<p style=\"text-align: left;\">Sauf exception, la protection du code source par voie de brevet d&rsquo;invention est parfois difficile, voire impossible \u00e0 obtenir. De plus, la position fran\u00e7aise consiste \u00e0 consid\u00e9rer les logiciels comme des oeuvres de l&rsquo;esprit, ce qui implique une protection juridique par le biais du droit d&rsquo;auteur. D\u00e8s lors, la question de la preuve du droit se pose dans ces termes : comment revendiquer sa paternit\u00e9, \u00e0 partir d&rsquo;une date donn\u00e9e, sur une cr\u00e9ation num\u00e9rique ? Le cabinet AZERTY prot\u00e8ge vos cr\u00e9ations num\u00e9riques gr\u00e2ce \u00e0 des outils de datation reconnus officiellement par les tribunaux, certifiant votre qualit\u00e9 d&rsquo;auteur sur vos cr\u00e9ations num\u00e9riques.<\/p>\n<p>[\/vc_column_text][\/vc_column][vc_column width=\u00a0\u00bb1\/3&Prime;][vc_empty_space]<div class=\"qodef-single-image-holder   \">\n    <div class=\"qodef-si-inner\" >\n                                    <img loading=\"lazy\" decoding=\"async\" width=\"300\" height=\"300\" src=\"https:\/\/www.azerty.legal\/wp-content\/uploads\/2021\/02\/AZERTY_Icone_logiciel-300x300.jpg\" class=\"attachment-medium size-medium\" alt=\"\" srcset=\"https:\/\/www.azerty.legal\/wp-content\/uploads\/2021\/02\/AZERTY_Icone_logiciel.jpg 300w, https:\/\/www.azerty.legal\/wp-content\/uploads\/2021\/02\/AZERTY_Icone_logiciel-150x150.jpg 150w, https:\/\/www.azerty.legal\/wp-content\/uploads\/2021\/02\/AZERTY_Icone_logiciel-100x100.jpg 100w\" sizes=\"auto, (max-width: 300px) 100vw, 300px\" \/>                        <\/div>\n<\/div>[\/vc_column][\/vc_row][vc_row][vc_column][vc_empty_space][vc_empty_space][vc_empty_space][\/vc_column][\/vc_row][vc_row full_width=\u00a0\u00bbstretch_row\u00a0\u00bb css=\u00a0\u00bb.vc_custom_1613503160029{background-image: url(https:\/\/www.azerty.legal\/wp-content\/uploads\/2021\/02\/AZERTY_Footer_vague_2200x350.png?id=3016) !important;}\u00a0\u00bb][vc_column][vc_empty_space][vc_empty_space][vc_single_image image=\u00a0\u00bb3036&Prime; img_size=\u00a0\u00bb710&#215;198&Prime; alignment=\u00a0\u00bbcenter\u00a0\u00bb][vc_empty_space][\/vc_column][\/vc_row]<\/p>\n","protected":false},"excerpt":{"rendered":"<p>[vc_row][vc_column][vc_empty_space][vc_empty_space][\/vc_column][\/vc_row][vc_row][vc_column width=\u00a0\u00bb1\/4&Prime;][vc_empty_space][\/vc_column][vc_column width=\u00a0\u00bb3\/4&Prime;][vc_column_text] L\u2019importance des noms de domaine n\u2019est aujourd\u2019hui plus \u00e0 prouver. Pr\u00e9requis indispensable \u00e0 la cr\u00e9ation d\u2019un site web, le nom de domaine constitue l\u2019un des grands outils marketing permettant d\u2019assurer la p\u00e9rennit\u00e9 d\u2019une marque sur internet. [\/vc_column_text][vc_empty_space][\/vc_column][\/vc_row][vc_row][vc_column][vc_empty_space][vc_empty_space][\/vc_column][\/vc_row][vc_row][vc_column [&hellip;]<\/p>\n","protected":false},"author":1,"featured_media":0,"parent":0,"menu_order":0,"comment_status":"closed","ping_status":"closed","template":"","meta":{"footnotes":""},"class_list":["post-252","page","type-page","status-publish","hentry"],"_links":{"self":[{"href":"https:\/\/www.azerty.legal\/index.php\/wp-json\/wp\/v2\/pages\/252","targetHints":{"allow":["GET"]}}],"collection":[{"href":"https:\/\/www.azerty.legal\/index.php\/wp-json\/wp\/v2\/pages"}],"about":[{"href":"https:\/\/www.azerty.legal\/index.php\/wp-json\/wp\/v2\/types\/page"}],"author":[{"embeddable":true,"href":"https:\/\/www.azerty.legal\/index.php\/wp-json\/wp\/v2\/users\/1"}],"replies":[{"embeddable":true,"href":"https:\/\/www.azerty.legal\/index.php\/wp-json\/wp\/v2\/comments?post=252"}],"version-history":[{"count":105,"href":"https:\/\/www.azerty.legal\/index.php\/wp-json\/wp\/v2\/pages\/252\/revisions"}],"predecessor-version":[{"id":3831,"href":"https:\/\/www.azerty.legal\/index.php\/wp-json\/wp\/v2\/pages\/252\/revisions\/3831"}],"wp:attachment":[{"href":"https:\/\/www.azerty.legal\/index.php\/wp-json\/wp\/v2\/media?parent=252"}],"curies":[{"name":"wp","href":"https:\/\/api.w.org\/{rel}","templated":true}]}}