{"id":251,"date":"2020-12-08T11:36:42","date_gmt":"2020-12-08T10:36:42","guid":{"rendered":"http:\/\/www.azerty.legal\/?page_id=251"},"modified":"2021-06-02T15:10:24","modified_gmt":"2021-06-02T13:10:24","slug":"portail-brevets","status":"publish","type":"page","link":"https:\/\/www.azerty.legal\/index.php\/portail-brevets\/","title":{"rendered":"Portail BREVETS"},"content":{"rendered":"<p>[vc_row][vc_column][vc_empty_space][vc_empty_space]<div class=\"qodef-section-title-holder   qodef-st-enable-text-separator qodef-st-text-available qodef-st-position-center\" >\n\t<div class=\"qodef-st-inner\">\n\t\t\t\t\t<h2 class=\"qodef-st-title\" >\n\t\t\t\tUnivers Brevets\t\t\t<\/h2>\n\t\t\t\t<div class=\"qodef-st-text-holder clearfix\" >\n\t\t\t\t\t\t\t<span class=\"qodef-st-separator\"><\/span>\n\t\t\t\t\t\t\t\t\t\t<p class=\"qodef-st-text\" >\n\t\t\t\t\tProt\u00e9gez vos inventions\t\t\t\t<\/p>\n\t\t\t\t\t<\/div>\n\t\t\t<\/div>\n<\/div>[vc_empty_space][vc_empty_space][\/vc_column][\/vc_row][vc_row][vc_column width=\u00a0\u00bb1\/5&Prime;][\/vc_column][vc_column width=\u00a0\u00bb3\/5&Prime;][vc_column_text]<\/p>\n<h3 style=\"text-align: center;\">LE BREVET PROT\u00c8GE\u00a0UNE SOLUTION TECHNIQUE\u00a0APPORT\u00c9E \u00c0 UN PROBL\u00c8ME TECHNIQUE. OBTENEZ UN MONOPOLE EXCLUSIF SUR VOS CREATIONS TECHNIQUES.<\/h3>\n<p>[\/vc_column_text][vc_empty_space][vc_empty_space][\/vc_column][vc_column width=\u00a0\u00bb1\/5&Prime;][\/vc_column][\/vc_row][vc_row][vc_column][vc_empty_space][vc_empty_space][\/vc_column][\/vc_row][vc_row gap=\u00a0\u00bb35&Prime;][vc_column width=\u00a0\u00bb1\/4&Prime;]<div class=\"qodef-section-title-holder   qodef-st-enable-text-separator qodef-st-text-available \" >\n\t<div class=\"qodef-st-inner\">\n\t\t\t\t\t<h2 class=\"qodef-st-title\" >\n\t\t\t\tLa brevetabilit\u00e9\t\t\t<\/h2>\n\t\t\t\t<div class=\"qodef-st-text-holder clearfix\" >\n\t\t\t\t\t\t\t<span class=\"qodef-st-separator\"><\/span>\n\t\t\t\t\t\t\t\t\t\t<p class=\"qodef-st-text\" >\n\t\t\t\t\t4 conditions essentielles\t\t\t\t<\/p>\n\t\t\t\t\t<\/div>\n\t\t\t<\/div>\n<\/div>[\/vc_column][vc_column width=\u00a0\u00bb3\/4&Prime;]<div class=\"qodef-tabs \">\n\t<ul class=\"qodef-tabs-nav clearfix\">\n\t\t\t\t\t<li>\n\t\t\t\t\t\t\t\t\t<a href=\"#tab-invention\">Invention<\/a>\n\t\t\t\t\t\t\t<\/li>\n\t\t\t\t\t<li>\n\t\t\t\t\t\t\t\t\t<a href=\"#tab-nouveaute\">Nouveaut\u00e9<\/a>\n\t\t\t\t\t\t\t<\/li>\n\t\t\t\t\t<li>\n\t\t\t\t\t\t\t\t\t<a href=\"#tab-activite-inventive\">Activit\u00e9 inventive<\/a>\n\t\t\t\t\t\t\t<\/li>\n\t\t\t\t\t<li>\n\t\t\t\t\t\t\t\t\t<a href=\"#tab-application\">Application<\/a>\n\t\t\t\t\t\t\t<\/li>\n\t\t\t<\/ul>\n\t<div class=\"qodef-tab-container\" id=\"tab-invention-419\">[vc_column_text]<\/p>\n<div>Pour \u00eatre brevetable, une cr\u00e9ation industrielle <strong>doit pouvoir \u00eatre qualifi\u00e9e d&rsquo;invention<\/strong>. Cette notion est d\u00e9finie par la loi de mani\u00e8re n\u00e9gative, c\u2019est-\u00e0-dire que la loi d\u00e9finit des exclusions \u00e0 la brevetabilit\u00e9. D\u00e8s lors, ne sont pas consid\u00e9r\u00e9s comme des inventions au sens juridique du terme :<\/div>\n<div><\/div>\n<div>&#8211; les d\u00e9couvertes, th\u00e9ories scientifiques, les m\u00e9thodes math\u00e9matiques,<\/div>\n<div>&#8211; les cr\u00e9ations esth\u00e9tiques, les plans, principes et m\u00e9thodes,<\/div>\n<div>&#8211; les programmes d&rsquo;ordinateur, pris en tant que tel<\/div>\n<div>&#8211; les pr\u00e9sentations d&rsquo;information<\/div>\n<div><\/div>\n<div>Sont qualifi\u00e9s d&rsquo;inventions :\u00a0les produits, les proc\u00e9d\u00e9s, les applications, les combinaisons de moyens connus<\/div>\n<p>[\/vc_column_text]<\/div><div class=\"qodef-tab-container\" id=\"tab-nouveaute-619\">[vc_column_text]Seconde condition \u00e0 la brevetabilit\u00e9 : la cr\u00e9ation doit \u00eatre <strong>nouvelle<\/strong>.\u00a0Une invention est consid\u00e9r\u00e9e comme nouvelle <strong>si elle n&rsquo;est pas comprise dans l&rsquo;\u00e9tat de la technique<\/strong>. L&rsquo;\u00e9tat de la technique contient toutes les informations accessibles au public avant la date de d\u00e9p\u00f4t de la demande de brevet. La nouveaut\u00e9 suppose de comparer l&rsquo;invention avec l&rsquo;\u00e9tat de la technique.\u00a0Pour remplir le crit\u00e8re de nouveaut\u00e9, il suffit donc d\u2019au moins une diff\u00e9rence entre l\u2019\u00e9tat de la technique et les caract\u00e9ristiques d\u00e9finissant l\u2019invention.<\/p>\n<p>&nbsp;<\/p>\n<p><strong>Attention \u00e0 l&rsquo;auto-divulgation :<\/strong> en principe, l&rsquo;information est opposable si elle est divulgu\u00e9e et reproductible mat\u00e9riellement par l&rsquo;homme du m\u00e9tier. En pratique, la moindre divulgation est destructrice de nouveaut\u00e9. Le droit fran\u00e7ais exige une nouveaut\u00e9 absolue. Toute information, quelle que soit la forme, l&rsquo;auteur, sa date, son lieu ou ses moyens de preuve, est prise en compte. Ainsi, une divulgation par l&rsquo;inventeur lui-m\u00eame, avant la date de d\u00e9p\u00f4t, lui est opposable.[\/vc_column_text]<\/div><div class=\"qodef-tab-container\" id=\"tab-activite-inventive-185\">[vc_column_text]La cr\u00e9ation doit impliquer une <strong>activit\u00e9 inventive<\/strong>, c\u2019est-\u00e0-dire que l\u2019invention ne d\u00e9coule par de mani\u00e8re \u00e9vidente de l\u2019\u00e9tat de la technique. On appr\u00e9cie l\u2019activit\u00e9 inventive \u00e0 partir des diff\u00e9rences entre l\u2019invention et l\u2019\u00e9tat de la technique. La question pos\u00e9e est la suivante\u00a0: \u00ab\u00a0Le technicien moyen ayant des connaissances dans le domaine de l\u2019invention, aurait-il modifi\u00e9 ce qui existe d\u00e9j\u00e0 pour atteindre l\u2019invention\u00a0?\u00a0\u00bb<\/p>\n<div>\n<p>\u00c0 premi\u00e8re vue, cette approche parait subjective. Cependant, il existe une m\u00e9thode rigoureuse d\u00e9finie de mani\u00e8re r\u00e8glementaire pour montrer la pr\u00e9sence ou l\u2019absence d\u2019activit\u00e9 inventive.<\/p>\n<\/div>\n<p>[\/vc_column_text]<\/div><div class=\"qodef-tab-container\" id=\"tab-application-485\">[vc_column_text]Derni\u00e8re condition \u00e0 la brevetabilit\u00e9 : la cr\u00e9ation doit \u00eatre <strong>susceptible d&rsquo;application industrielle.\u00a0<\/strong>Cette condition est remplie lorsque l&rsquo;objet de l&rsquo;invention peut \u00eatre <strong>fabriqu\u00e9 ou utilis\u00e9 dans tout type d&rsquo;industrie<\/strong> y compris l&rsquo;agriculture.[\/vc_column_text]<\/div><\/div>[\/vc_column][\/vc_row][vc_row][vc_column][vc_empty_space][vc_empty_space][vc_empty_space][vc_empty_space][vc_empty_space][vc_empty_space][\/vc_column][\/vc_row][vc_row full_width=\u00a0\u00bbstretch_row_content_no_spaces\u00a0\u00bb content_text_aligment=\u00a0\u00bbcenter\u00a0\u00bb css=\u00a0\u00bb.vc_custom_1619717648611{background-color: #99cbcc !important;}\u00a0\u00bb][vc_column][vc_empty_space]<div class=\"qodef-section-title-holder   qodef-st-enable-text-separator qodef-st-text-available \" >\n\t<div class=\"qodef-st-inner\">\n\t\t\t\t\t<h2 class=\"qodef-st-title\" style=\"color: #ffffff\">\n\t\t\t\tDomaines d'expertise\t\t\t<\/h2>\n\t\t\t\t<div class=\"qodef-st-text-holder clearfix\" style=\"color: #ffffff\">\n\t\t\t\t\t\t\t<span class=\"qodef-st-separator\"><\/span>\n\t\t\t\t\t\t\t\t\t\t<p class=\"qodef-st-text\" >\n\t\t\t\t\tNos ing\u00e9nieurs sont \u00e0 votre \u00e9coute\t\t\t\t<\/p>\n\t\t\t\t\t<\/div>\n\t\t\t<\/div>\n<\/div>[vc_column_text]<\/p>\n<h4 style=\"text-align: center;\">M\u00e9canique &#8211; robotique &#8211; \u00e9lectronique &#8211;\u00a0optique<\/h4>\n<h4 style=\"text-align: center;\">informatique &#8211; t\u00e9l\u00e9communications &#8211; capteurs &#8211; NTIC<\/h4>\n<h4 style=\"text-align: center;\">chimie g\u00e9n\u00e9rale &#8211; mat\u00e9riaux<\/h4>\n<p>[\/vc_column_text][vc_empty_space][vc_empty_space][vc_empty_space][\/vc_column][\/vc_row][vc_row][vc_column][vc_empty_space][vc_empty_space][vc_empty_space][\/vc_column][\/vc_row][vc_row][vc_column width=\u00a0\u00bb1\/4&Prime;]<div class=\"qodef-section-title-holder   qodef-st-enable-text-separator qodef-st-text-available \" >\n\t<div class=\"qodef-st-inner\">\n\t\t\t\t\t<h2 class=\"qodef-st-title\" >\n\t\t\t\tLogiciels\t\t\t<\/h2>\n\t\t\t\t<div class=\"qodef-st-text-holder clearfix\" >\n\t\t\t\t\t\t\t<span class=\"qodef-st-separator\"><\/span>\n\t\t\t\t\t\t\t\t\t\t<p class=\"qodef-st-text\" >\n\t\t\t\t\tSont-ils brevetables ?\t\t\t\t<\/p>\n\t\t\t\t\t<\/div>\n\t\t\t<\/div>\n<\/div>[\/vc_column][vc_column width=\u00a0\u00bb3\/4&Prime;][vc_column_text]En principe, les logiciels, en tant que tels, sont exclus du champ de la brevetabilit\u00e9. Lorsqu&rsquo;ils sont constitu\u00e9s d&rsquo;un ensemble d&rsquo;instructions, et qu&rsquo;ils n&rsquo;influent pas sur le fonctionnement de l&rsquo;ordinateur, les logiciels ne sont pas brevetables.<\/p>\n<p>&nbsp;<\/p>\n<p>Toutefois, il existe certaines techniques juridiques pour contourner cet obstacle. En effet, lorsque le logiciel s&rsquo;apparente \u00e0 une \u00ab\u00a0invention impl\u00e9ment\u00e9e par ordinateur\u00a0\u00bb, il est possible de surmonter l&rsquo;obstacle de l&rsquo;exclusion vis\u00e9e ci-avant. Il convient alors de d\u00e9crire non pas la nature du logiciel, mais sa m\u00e9thode de fonctionnement. Des obstacles ult\u00e9rieurs peuvent toutefois \u00eatre rencontr\u00e9s, tant au niveau de la condition de nouveaut\u00e9 que de celle de l&rsquo;activit\u00e9 inventive, de telle sorte que l&rsquo;enregistrement final n&rsquo;est pas syst\u00e9matique. La probabilit\u00e9 d&rsquo;obtenir l&rsquo;enregistrement de la demande de brevet est plus grande lorsque le logiciel qui s&rsquo;apparente \u00e0 une invention impl\u00e9ment\u00e9e par ordinateur interagit avec les forces de la nature.<\/p>\n<p>&nbsp;<\/p>\n<p><strong>En conclusion, nous dirons que majoritairement, le logiciel reste \u00e9cart\u00e9 de la brevetabilit\u00e9, mais qu&rsquo;\u00e0 chaque fois qu&rsquo;il interagit avec les forces de la nature, par exemple \u00e0 travers un device type capteur, le protocole devient pleinement brevetable.<\/strong>[\/vc_column_text][\/vc_column][\/vc_row][vc_row][vc_column][vc_empty_space][vc_empty_space][vc_empty_space][\/vc_column][\/vc_row][vc_row full_width=\u00a0\u00bbstretch_row\u00a0\u00bb css=\u00a0\u00bb.vc_custom_1613503014499{background-image: url(https:\/\/www.azerty.legal\/wp-content\/uploads\/2021\/02\/AZERTY_Footer_vague_2200x350.png?id=3016) !important;}\u00a0\u00bb][vc_column][vc_empty_space][vc_empty_space][vc_single_image image=\u00a0\u00bb3036&Prime; img_size=\u00a0\u00bb710&#215;198&Prime; alignment=\u00a0\u00bbcenter\u00a0\u00bb][vc_empty_space][\/vc_column][\/vc_row]<\/p>\n","protected":false},"excerpt":{"rendered":"<p>[vc_row][vc_column][vc_empty_space][vc_empty_space][vc_empty_space][vc_empty_space][\/vc_column][\/vc_row][vc_row][vc_column width=\u00a0\u00bb1\/5&Prime;][\/vc_column][vc_column width=\u00a0\u00bb3\/5&Prime;][vc_column_text] LE BREVET PROT\u00c8GE\u00a0UNE SOLUTION TECHNIQUE\u00a0APPORT\u00c9E \u00c0 UN PROBL\u00c8ME TECHNIQUE. OBTENEZ UN MONOPOLE EXCLUSIF SUR VOS CREATIONS TECHNIQUES. [\/vc_column_text][vc_empty_space][vc_empty_space][\/vc_column][vc_column width=\u00a0\u00bb1\/5&Prime;][\/vc_column][\/vc_row][vc_row][vc_column][vc_empty_space][vc_empty_space][\/vc_column][\/vc_row][vc_row gap=\u00a0\u00bb35&Prime;][vc_column width=\u00a0\u00bb1\/4&Prime;][\/vc_column][vc_column width=\u00a0\u00bb3\/4&Prime;][\/vc_column][\/vc_row][vc_row][vc_column][vc_empty_space][vc_empty_space][vc_empty_space][vc_empty_space][vc_empty_space][vc_empty_space][\/vc_column][\/vc_row][vc_row full_width=\u00a0\u00bbstretch_row_content_no_spaces\u00a0\u00bb content_text_aligment=\u00a0\u00bbcenter\u00a0\u00bb css=\u00a0\u00bb.vc_custom_1619717648611{background-color: #99cbcc !important;}\u00a0\u00bb][vc_column][vc_empty_space][vc_column_text] M\u00e9canique &#8211; robotique &#8211; \u00e9lectronique &#8211;\u00a0optique informatique &#8211; t\u00e9l\u00e9communications &#8211; [&hellip;]<\/p>\n","protected":false},"author":1,"featured_media":0,"parent":0,"menu_order":0,"comment_status":"closed","ping_status":"closed","template":"","meta":{"footnotes":""},"class_list":["post-251","page","type-page","status-publish","hentry"],"_links":{"self":[{"href":"https:\/\/www.azerty.legal\/index.php\/wp-json\/wp\/v2\/pages\/251","targetHints":{"allow":["GET"]}}],"collection":[{"href":"https:\/\/www.azerty.legal\/index.php\/wp-json\/wp\/v2\/pages"}],"about":[{"href":"https:\/\/www.azerty.legal\/index.php\/wp-json\/wp\/v2\/types\/page"}],"author":[{"embeddable":true,"href":"https:\/\/www.azerty.legal\/index.php\/wp-json\/wp\/v2\/users\/1"}],"replies":[{"embeddable":true,"href":"https:\/\/www.azerty.legal\/index.php\/wp-json\/wp\/v2\/comments?post=251"}],"version-history":[{"count":53,"href":"https:\/\/www.azerty.legal\/index.php\/wp-json\/wp\/v2\/pages\/251\/revisions"}],"predecessor-version":[{"id":3703,"href":"https:\/\/www.azerty.legal\/index.php\/wp-json\/wp\/v2\/pages\/251\/revisions\/3703"}],"wp:attachment":[{"href":"https:\/\/www.azerty.legal\/index.php\/wp-json\/wp\/v2\/media?parent=251"}],"curies":[{"name":"wp","href":"https:\/\/api.w.org\/{rel}","templated":true}]}}