{"id":249,"date":"2020-12-08T11:36:42","date_gmt":"2020-12-08T10:36:42","guid":{"rendered":"http:\/\/www.azerty.legal\/?page_id=249"},"modified":"2021-09-28T19:42:58","modified_gmt":"2021-09-28T17:42:58","slug":"portail-design","status":"publish","type":"page","link":"https:\/\/www.azerty.legal\/index.php\/portail-design\/","title":{"rendered":"Portail DESIGN"},"content":{"rendered":"<p>[vc_row content_text_aligment=\u00a0\u00bbcenter\u00a0\u00bb][vc_column][vc_empty_space][vc_empty_space]<div class=\"qodef-section-title-holder   qodef-st-enable-text-separator qodef-st-text-available \" >\n\t<div class=\"qodef-st-inner\">\n\t\t\t\t\t<h2 class=\"qodef-st-title\" >\n\t\t\t\tUNIVERS DESIGN\t\t\t<\/h2>\n\t\t\t\t<div class=\"qodef-st-text-holder clearfix\" >\n\t\t\t\t\t\t\t<span class=\"qodef-st-separator\"><\/span>\n\t\t\t\t\t\t\t\t\t\t<p class=\"qodef-st-text\" >\n\t\t\t\t\tProt\u00e9gez l'apparence esth\u00e9tique de vos produits\t\t\t\t<\/p>\n\t\t\t\t\t<\/div>\n\t\t\t<\/div>\n<\/div>[vc_empty_space][vc_empty_space][\/vc_column][\/vc_row][vc_row][vc_column width=\u00a0\u00bb1\/5&Prime;][\/vc_column][vc_column width=\u00a0\u00bb3\/5&Prime;][vc_column_text]<\/p>\n<h3 style=\"text-align: center;\"><span style=\"color: #00546b;\">Toute forme s&rsquo;\u00e9loignant de l&rsquo;art ant\u00e9rieur peut faire l&rsquo;objet d&rsquo;une protection. Le \u00ab\u00a0dessin ou mod\u00e8le\u00a0\u00bb, en droit, est le titre de propri\u00e9t\u00e9 industrielle sp\u00e9cialement d\u00e9di\u00e9 \u00e0 la protection de l&rsquo;apparence d&rsquo;un produit. Sa forme ext\u00e9rieure, son aspect visuel, sa texture sont autant d&rsquo;\u00e9l\u00e9ment prot\u00e9geables par le droit.<\/span><\/h3>\n<p>[\/vc_column_text][\/vc_column][vc_column width=\u00a0\u00bb1\/5&Prime;][\/vc_column][\/vc_row][vc_row content_text_aligment=\u00a0\u00bbcenter\u00a0\u00bb][vc_column][vc_empty_space]<div class=\"qodef-section-title-holder   qodef-st-enable-text-separator qodef-st-text-available \" >\n\t<div class=\"qodef-st-inner\">\n\t\t\t\t\t<h2 class=\"qodef-st-title\" >\n\t\t\t\tLa protection\t\t\t<\/h2>\n\t\t\t\t<div class=\"qodef-st-text-holder clearfix\" >\n\t\t\t\t\t\t\t<span class=\"qodef-st-separator\"><\/span>\n\t\t\t\t\t\t\t\t\t\t<p class=\"qodef-st-text\" >\n\t\t\t\t\tAu-del\u00e0 des apparences\t\t\t\t<\/p>\n\t\t\t\t\t<\/div>\n\t\t\t<\/div>\n<\/div>[\/vc_column][\/vc_row][vc_row][vc_column][vc_empty_space][vc_empty_space][\/vc_column][\/vc_row][vc_row][vc_column width=\u00a0\u00bb1\/3&Prime;][vc_column_text]<\/p>\n<h4 style=\"text-align: left;\"><span style=\"color: #00546b;\"><strong>DATATION<\/strong><\/span><\/h4>\n<p>[\/vc_column_text][vc_column_text]Nous sommes en mesure de vous offrir une datation officielle de vos cr\u00e9ations, qu&rsquo;elle quelle soit. Cette preuve incontestable est r\u00e9alis\u00e9e par un officier minist\u00e9riel asserment\u00e9.[\/vc_column_text][\/vc_column][vc_column width=\u00a0\u00bb1\/3&Prime;][vc_column_text]<\/p>\n<h4 style=\"text-align: left;\"><span style=\"color: #00546b;\"><strong>DEP\u00d4T<\/strong><\/span><\/h4>\n<p>[\/vc_column_text][vc_column_text]Le d\u00e9p\u00f4t aupr\u00e8s d&rsquo;un office de propri\u00e9t\u00e9 intellectuelle permet de faire reconna\u00eetre votre droit de propri\u00e9t\u00e9 sur tous les territoires choisis.[\/vc_column_text][\/vc_column][vc_column width=\u00a0\u00bb1\/3&Prime;][vc_column_text]<\/p>\n<h4 style=\"text-align: left;\"><span style=\"color: #00546b;\"><strong>SOLEAU<\/strong><\/span><\/h4>\n<p>[\/vc_column_text][vc_column_text]L&rsquo;enveloppe SOLEAU est un outil simple, efficace, et \u00e9conomique permettant d&rsquo;obtenir une protection l\u00e9gitimant votre exploitation.[\/vc_column_text][\/vc_column][\/vc_row][vc_row][vc_column][vc_empty_space][vc_empty_space][\/vc_column][\/vc_row][vc_row][vc_column][vc_empty_space][vc_empty_space][\/vc_column][\/vc_row][vc_row][vc_column width=\u00a0\u00bb1\/4&Prime;]<div class=\"qodef-single-image-holder   \">\n    <div class=\"qodef-si-inner\" >\n                                    <img loading=\"lazy\" decoding=\"async\" width=\"150\" height=\"150\" src=\"https:\/\/www.azerty.legal\/wp-content\/uploads\/2021\/02\/AZERTY_Icone_Depot-1-150x150.png\" class=\"attachment-thumbnail size-thumbnail\" alt=\"\" srcset=\"https:\/\/www.azerty.legal\/wp-content\/uploads\/2021\/02\/AZERTY_Icone_Depot-1-150x150.png 150w, https:\/\/www.azerty.legal\/wp-content\/uploads\/2021\/02\/AZERTY_Icone_Depot-1.png 300w, https:\/\/www.azerty.legal\/wp-content\/uploads\/2021\/02\/AZERTY_Icone_Depot-1-100x100.png 100w\" sizes=\"auto, (max-width: 150px) 100vw, 150px\" \/>                        <\/div>\n<\/div>[\/vc_column][vc_column width=\u00a0\u00bb3\/4&Prime;]<div class=\"qodef-tabs \">\n\t<ul class=\"qodef-tabs-nav clearfix\">\n\t\t\t\t\t<li>\n\t\t\t\t\t\t\t\t\t<a href=\"#tab-produit\">Produit<\/a>\n\t\t\t\t\t\t\t<\/li>\n\t\t\t\t\t<li>\n\t\t\t\t\t\t\t\t\t<a href=\"#tab-graphisme\">Graphisme<\/a>\n\t\t\t\t\t\t\t<\/li>\n\t\t\t\t\t<li>\n\t\t\t\t\t\t\t\t\t<a href=\"#tab-art\">ART<\/a>\n\t\t\t\t\t\t\t<\/li>\n\t\t\t\t\t<li>\n\t\t\t\t\t\t\t\t\t<a href=\"#tab-litterature\">Litt\u00e9rature<\/a>\n\t\t\t\t\t\t\t<\/li>\n\t\t\t<\/ul>\n\t<div class=\"qodef-tab-container\" id=\"tab-produit-5\">[vc_column_text]Pour certifier votre propri\u00e9t\u00e9 sur le design d&rsquo;un produit, il est pr\u00e9f\u00e9rable d&rsquo;opter pour la protection au titre du \u00ab\u00a0dessin ou mod\u00e8le\u00a0\u00bb. Il s&rsquo;agit d&rsquo;un d\u00e9p\u00f4t certifi\u00e9 par l&rsquo;INPI ou tout autre office national \u00e9tranger. Il est possible de d\u00e9poser un dessin ou mod\u00e8le en France, en Europe, et dans un grand nombre de pays du monde, en fonction de vos march\u00e9s d&rsquo;int\u00e9r\u00eat. Vous cr\u00e9ez des objets esth\u00e9tiques ? Cette protection est faite pour vous.[\/vc_column_text]<\/div><div class=\"qodef-tab-container\" id=\"tab-graphisme-36\">[vc_column_text]Toute oeuvre originale est prot\u00e9g\u00e9e de plein droit et sans formalit\u00e9 par le droit d&rsquo;auteur. Mais la preuve de la paternit\u00e9 et de la date de d\u00e9part du droit ne sont pas toujours simples \u00e0 \u00e9tablir. Vos cr\u00e9ations graphiques peuvent par exemple faire l&rsquo;objet d&rsquo;un d\u00e9p\u00f4t par voie d&rsquo;enveloppe SOLEAU. Cette protection, flexible, peu on\u00e9reuse et facile, authentifiera votre propri\u00e9t\u00e9 sur vos \u00e9l\u00e9ments de communication.[\/vc_column_text]<\/div><div class=\"qodef-tab-container\" id=\"tab-art-513\">[vc_column_text]Peinture, sculpture, musique, architecture, tous les arts peuvent \u00eatre prot\u00e9g\u00e9s par le droit d&rsquo;auteur. Nous pouvons obtenir la datation certaine de votre cr\u00e9ation par notre partenaire officier minist\u00e9riel, habilit\u00e9 \u00e0 proc\u00e9der \u00e0 de tels constatations officielles. De plus, nous prenons en charge l&rsquo;archivage de l&rsquo;ensemble de vos droits certifi\u00e9s. Ici encore, l&rsquo;enveloppe Soleau a toute sa place.[\/vc_column_text]<\/div><div class=\"qodef-tab-container\" id=\"tab-litterature-270\">[vc_column_text]Tout \u00e9crit peut \u00eatre officielle dat\u00e9 et constat\u00e9, quelque soit son niveau d&rsquo;originalit\u00e9. Les outils de datation ne portent aucun jugement sur votre travail. Arm\u00e9 d&rsquo;une preuve incontestable, vous pouvez lutter contre tout acte de plagiat, reproduction, etc. Nos solutions de protection vous permettront de dater vos textes, manuscrits, id\u00e9es, et contenus web. Et bien d&rsquo;autres choses encore ![\/vc_column_text]<\/div><\/div>[\/vc_column][\/vc_row][vc_row][vc_column][vc_empty_space][vc_empty_space][vc_empty_space][\/vc_column][\/vc_row][vc_row][vc_column width=\u00a0\u00bb1\/4&Prime;]<div class=\"qodef-section-title-holder   qodef-st-enable-text-separator qodef-st-text-available \" >\n\t<div class=\"qodef-st-inner\">\n\t\t\t\t\t<h2 class=\"qodef-st-title\" style=\"color: #00546b\">\n\t\t\t\tP\u00e9rim\u00e8tre\t\t\t<\/h2>\n\t\t\t\t<div class=\"qodef-st-text-holder clearfix\" style=\"color: #00546b\">\n\t\t\t\t\t\t\t<span class=\"qodef-st-separator\"><\/span>\n\t\t\t\t\t\t\t\t\t\t<p class=\"qodef-st-text\" >\n\t\t\t\t\tLes exclusions de la protection\t\t\t\t<\/p>\n\t\t\t\t\t<\/div>\n\t\t\t<\/div>\n<\/div>[\/vc_column][vc_column width=\u00a0\u00bb3\/4&Prime;][vc_column_text]<strong>Important :<\/strong> tout n&rsquo;est pas admis au titre de la protection. Il existe un certain nombre d&rsquo;exclusion :<\/p>\n<ul>\n<li>Pour les dessins et mod\u00e8les : ne sont pas admis les programmes d&rsquo;ordinateurs, les organismes vivants, les formes cach\u00e9es (ex : apparence des moteurs de voitures). Sont \u00e9galement exclus : les formes exclusivement techniques (ex : plan d&rsquo;un m\u00e9canisme), car elles sont d\u00e9di\u00e9es aux brevets d&rsquo;invention, et les pi\u00e8ces d&rsquo;interconnexion (ex : pi\u00e8ces de raccordement d&rsquo;aspirateur), sauf si elles appartiennent \u00e0 un ensemble modulaire.<\/li>\n<li>Pour le droit d&rsquo;auteur : les formes non originales ne sont pas admises \u00e0 la protection.<\/li>\n<\/ul>\n<p>[\/vc_column_text][\/vc_column][\/vc_row][vc_row][vc_column][vc_empty_space][vc_empty_space][vc_empty_space][vc_empty_space][vc_empty_space][vc_empty_space][\/vc_column][\/vc_row][vc_row full_width=\u00a0\u00bbstretch_row\u00a0\u00bb css=\u00a0\u00bb.vc_custom_1613503085354{background-image: url(https:\/\/www.azerty.legal\/wp-content\/uploads\/2021\/02\/AZERTY_Footer_vague_2200x350.png?id=3016) !important;}\u00a0\u00bb][vc_column][vc_empty_space][vc_empty_space][vc_single_image image=\u00a0\u00bb3036&Prime; img_size=\u00a0\u00bb710&#215;198&Prime; alignment=\u00a0\u00bbcenter\u00a0\u00bb][vc_empty_space][\/vc_column][\/vc_row]<\/p>\n","protected":false},"excerpt":{"rendered":"<p>[vc_row content_text_aligment=\u00a0\u00bbcenter\u00a0\u00bb][vc_column][vc_empty_space][vc_empty_space][vc_empty_space][vc_empty_space][\/vc_column][\/vc_row][vc_row][vc_column width=\u00a0\u00bb1\/5&Prime;][\/vc_column][vc_column width=\u00a0\u00bb3\/5&Prime;][vc_column_text] Toute forme s&rsquo;\u00e9loignant de l&rsquo;art ant\u00e9rieur peut faire l&rsquo;objet d&rsquo;une protection. Le \u00ab\u00a0dessin ou mod\u00e8le\u00a0\u00bb, en droit, est le titre de propri\u00e9t\u00e9 industrielle sp\u00e9cialement d\u00e9di\u00e9 \u00e0 la protection de l&rsquo;apparence d&rsquo;un produit. Sa forme ext\u00e9rieure, son [&hellip;]<\/p>\n","protected":false},"author":1,"featured_media":0,"parent":0,"menu_order":0,"comment_status":"closed","ping_status":"closed","template":"","meta":{"footnotes":""},"class_list":["post-249","page","type-page","status-publish","hentry"],"_links":{"self":[{"href":"https:\/\/www.azerty.legal\/index.php\/wp-json\/wp\/v2\/pages\/249","targetHints":{"allow":["GET"]}}],"collection":[{"href":"https:\/\/www.azerty.legal\/index.php\/wp-json\/wp\/v2\/pages"}],"about":[{"href":"https:\/\/www.azerty.legal\/index.php\/wp-json\/wp\/v2\/types\/page"}],"author":[{"embeddable":true,"href":"https:\/\/www.azerty.legal\/index.php\/wp-json\/wp\/v2\/users\/1"}],"replies":[{"embeddable":true,"href":"https:\/\/www.azerty.legal\/index.php\/wp-json\/wp\/v2\/comments?post=249"}],"version-history":[{"count":40,"href":"https:\/\/www.azerty.legal\/index.php\/wp-json\/wp\/v2\/pages\/249\/revisions"}],"predecessor-version":[{"id":3735,"href":"https:\/\/www.azerty.legal\/index.php\/wp-json\/wp\/v2\/pages\/249\/revisions\/3735"}],"wp:attachment":[{"href":"https:\/\/www.azerty.legal\/index.php\/wp-json\/wp\/v2\/media?parent=249"}],"curies":[{"name":"wp","href":"https:\/\/api.w.org\/{rel}","templated":true}]}}