{"id":2423,"date":"2021-02-04T12:08:29","date_gmt":"2021-02-04T11:08:29","guid":{"rendered":"https:\/\/www.azerty.legal\/?page_id=2423"},"modified":"2021-02-04T12:09:58","modified_gmt":"2021-02-04T11:09:58","slug":"cookies","status":"publish","type":"page","link":"https:\/\/www.azerty.legal\/index.php\/cookies\/","title":{"rendered":"Cookies"},"content":{"rendered":"<p>Les cookies sont des donn\u00e9es informatiques qui permettent au Site d\u2019enregistrer des informations relatives \u00e0 la navigation du Client sur le site ou sur votre navigateur, aux seules et uniques fins de bon fonctionnement du Site. Vous pouvez d\u00e9sactiver l\u2019utilisation des cookies en modifiant les pr\u00e9f\u00e9rences de votre logiciel de navigation sur Internet. Si le Visiteur d\u00e9pose un commentaire ou \u00e9crit un message sur le Site, il lui sera propos\u00e9 d\u2019enregistrer son nom, pr\u00e9nom, d\u00e9nomination sociale, adresse de messagerie et site web dans des cookies. C\u2019est uniquement pour votre confort afin de ne pas avoir \u00e0 saisir ces informations si vous d\u00e9posez un autre commentaire plus tard. Ces cookies expirent au bout d\u2019un an.<\/p>\n<p>&nbsp;<\/p>\n<p>Pour plus d&rsquo;information, se r\u00e9f\u00e9rer \u00e0 notre Politique de confidentialit\u00e9.<\/p>\n","protected":false},"excerpt":{"rendered":"<p>Les cookies sont des donn\u00e9es informatiques qui permettent au Site d\u2019enregistrer des informations relatives \u00e0 la navigation du Client sur le site ou sur votre navigateur, aux seules et uniques fins de bon fonctionnement du Site. Vous pouvez d\u00e9sactiver l\u2019utilisation [&hellip;]<\/p>\n","protected":false},"author":1,"featured_media":0,"parent":0,"menu_order":0,"comment_status":"closed","ping_status":"closed","template":"","meta":{"footnotes":""},"class_list":["post-2423","page","type-page","status-publish","hentry"],"_links":{"self":[{"href":"https:\/\/www.azerty.legal\/index.php\/wp-json\/wp\/v2\/pages\/2423","targetHints":{"allow":["GET"]}}],"collection":[{"href":"https:\/\/www.azerty.legal\/index.php\/wp-json\/wp\/v2\/pages"}],"about":[{"href":"https:\/\/www.azerty.legal\/index.php\/wp-json\/wp\/v2\/types\/page"}],"author":[{"embeddable":true,"href":"https:\/\/www.azerty.legal\/index.php\/wp-json\/wp\/v2\/users\/1"}],"replies":[{"embeddable":true,"href":"https:\/\/www.azerty.legal\/index.php\/wp-json\/wp\/v2\/comments?post=2423"}],"version-history":[{"count":1,"href":"https:\/\/www.azerty.legal\/index.php\/wp-json\/wp\/v2\/pages\/2423\/revisions"}],"predecessor-version":[{"id":2424,"href":"https:\/\/www.azerty.legal\/index.php\/wp-json\/wp\/v2\/pages\/2423\/revisions\/2424"}],"wp:attachment":[{"href":"https:\/\/www.azerty.legal\/index.php\/wp-json\/wp\/v2\/media?parent=2423"}],"curies":[{"name":"wp","href":"https:\/\/api.w.org\/{rel}","templated":true}]}}