{"id":125,"date":"2020-12-03T17:40:31","date_gmt":"2020-12-03T16:40:31","guid":{"rendered":"http:\/\/www.azerty.legal\/?page_id=125"},"modified":"2025-06-10T13:55:36","modified_gmt":"2025-06-10T11:55:36","slug":"vos-droits","status":"publish","type":"page","link":"https:\/\/www.azerty.legal\/index.php\/vos-droits\/","title":{"rendered":"VOS DROITS"},"content":{"rendered":"<p>[vc_row content_text_aligment=\u00a0\u00bbcenter\u00a0\u00bb][vc_column][vc_empty_space][vc_empty_space]<div class=\"qodef-section-title-holder   qodef-st-enable-text-separator qodef-st-text-available \" >\n\t<div class=\"qodef-st-inner\">\n\t\t\t\t\t<h2 class=\"qodef-st-title\" >\n\t\t\t\tUNE GRANDE INNOVATION MERITE UNE GRANDE PROTECTION\t\t\t<\/h2>\n\t\t\t\t<div class=\"qodef-st-text-holder clearfix\" >\n\t\t\t\t\t\t\t<span class=\"qodef-st-separator\"><\/span>\n\t\t\t\t\t\t\t\t\t\t<p class=\"qodef-st-text\" >\n\t\t\t\t\tAZERTY intervient dans tous les domaines de la propri\u00e9t\u00e9 intellectuelle\t\t\t\t<\/p>\n\t\t\t\t\t<\/div>\n\t\t\t<\/div>\n<\/div>[vc_empty_space][vc_empty_space][\/vc_column][\/vc_row][vc_row][vc_column width=\u00a0\u00bb1\/4&Prime; css=\u00a0\u00bb.vc_custom_1611560048246{padding-top: 10px !important;padding-right: 10px !important;padding-bottom: 10px !important;padding-left: 10px !important;}\u00a0\u00bb]<div class=\"qodef-banner-holder  qodef-visible-on-hover qodef-banner-info-default\">\n    <div class=\"qodef-banner-image\">\n        <img loading=\"lazy\" decoding=\"async\" width=\"600\" height=\"600\" src=\"https:\/\/www.azerty.legal\/wp-content\/uploads\/2021\/04\/AZERTY_Design_portail_marque.jpg\" class=\"attachment-full size-full\" alt=\"\" srcset=\"https:\/\/www.azerty.legal\/wp-content\/uploads\/2021\/04\/AZERTY_Design_portail_marque.jpg 600w, https:\/\/www.azerty.legal\/wp-content\/uploads\/2021\/04\/AZERTY_Design_portail_marque-300x300.jpg 300w, https:\/\/www.azerty.legal\/wp-content\/uploads\/2021\/04\/AZERTY_Design_portail_marque-150x150.jpg 150w, https:\/\/www.azerty.legal\/wp-content\/uploads\/2021\/04\/AZERTY_Design_portail_marque-550x550.jpg 550w, https:\/\/www.azerty.legal\/wp-content\/uploads\/2021\/04\/AZERTY_Design_portail_marque-100x100.jpg 100w\" sizes=\"auto, (max-width: 600px) 100vw, 600px\" \/>    <\/div>\n    <div class=\"qodef-banner-text-holder\" style=\"background-color: #99cbcc\">\n\t    <div class=\"qodef-banner-text-outer\">\n\t\t    <div class=\"qodef-banner-text-inner\">\n\t\t        \t\t            <h5 class=\"qodef-banner-subtitle\" >\n\t\t\t            Univers\t\t            <\/h5>\n\t\t        \t\t        \t\t            <h2 class=\"qodef-banner-title\" >\n\t\t                MARQUES\t                <\/h2>\n\t\t        \t\t\t\t\t\t\t<\/div>\n\t\t<\/div>\n\t<\/div>\n\t        <a itemprop=\"url\" class=\"qodef-banner-link\" href=\"https:\/\/www.azerty.legal\/index.php\/portail-marques-2\/\" target=\"_self\"><\/a>\n    <\/div>[\/vc_column][vc_column width=\u00a0\u00bb1\/4&Prime; css=\u00a0\u00bb.vc_custom_1611560133760{padding-top: 10px !important;padding-right: 10px !important;padding-bottom: 10px !important;padding-left: 10px !important;}\u00a0\u00bb]<div class=\"qodef-banner-holder  qodef-visible-on-hover qodef-banner-info-default\">\n    <div class=\"qodef-banner-image\">\n        <img loading=\"lazy\" decoding=\"async\" width=\"600\" height=\"600\" src=\"https:\/\/www.azerty.legal\/wp-content\/uploads\/2021\/04\/AZERTY_Design_Portail_Brevets.jpg\" class=\"attachment-full size-full\" alt=\"\" srcset=\"https:\/\/www.azerty.legal\/wp-content\/uploads\/2021\/04\/AZERTY_Design_Portail_Brevets.jpg 600w, https:\/\/www.azerty.legal\/wp-content\/uploads\/2021\/04\/AZERTY_Design_Portail_Brevets-300x300.jpg 300w, https:\/\/www.azerty.legal\/wp-content\/uploads\/2021\/04\/AZERTY_Design_Portail_Brevets-150x150.jpg 150w, https:\/\/www.azerty.legal\/wp-content\/uploads\/2021\/04\/AZERTY_Design_Portail_Brevets-550x550.jpg 550w, https:\/\/www.azerty.legal\/wp-content\/uploads\/2021\/04\/AZERTY_Design_Portail_Brevets-100x100.jpg 100w\" sizes=\"auto, (max-width: 600px) 100vw, 600px\" \/>    <\/div>\n    <div class=\"qodef-banner-text-holder\" style=\"background-color: #99cbcc\">\n\t    <div class=\"qodef-banner-text-outer\">\n\t\t    <div class=\"qodef-banner-text-inner\">\n\t\t        \t\t            <h5 class=\"qodef-banner-subtitle\" >\n\t\t\t            Univers\t\t            <\/h5>\n\t\t        \t\t        \t\t            <h2 class=\"qodef-banner-title\" >\n\t\t                BREVETS\t                <\/h2>\n\t\t        \t\t\t\t\t\t\t<\/div>\n\t\t<\/div>\n\t<\/div>\n\t        <a itemprop=\"url\" class=\"qodef-banner-link\" href=\"https:\/\/www.azerty.legal\/index.php\/portail-brevets\/\" target=\"_self\"><\/a>\n    <\/div>[\/vc_column][vc_column width=\u00a0\u00bb1\/4&Prime; css=\u00a0\u00bb.vc_custom_1611560149688{padding-top: 10px !important;padding-right: 10px !important;padding-bottom: 10px !important;padding-left: 10px !important;}\u00a0\u00bb]<div class=\"qodef-banner-holder  qodef-visible-on-hover qodef-banner-info-default\">\n    <div class=\"qodef-banner-image\">\n        <img loading=\"lazy\" decoding=\"async\" width=\"600\" height=\"600\" src=\"https:\/\/www.azerty.legal\/wp-content\/uploads\/2021\/04\/AZERTY_Design_Portail_Design.jpg\" class=\"attachment-full size-full\" alt=\"\" srcset=\"https:\/\/www.azerty.legal\/wp-content\/uploads\/2021\/04\/AZERTY_Design_Portail_Design.jpg 600w, https:\/\/www.azerty.legal\/wp-content\/uploads\/2021\/04\/AZERTY_Design_Portail_Design-300x300.jpg 300w, https:\/\/www.azerty.legal\/wp-content\/uploads\/2021\/04\/AZERTY_Design_Portail_Design-150x150.jpg 150w, https:\/\/www.azerty.legal\/wp-content\/uploads\/2021\/04\/AZERTY_Design_Portail_Design-550x550.jpg 550w, https:\/\/www.azerty.legal\/wp-content\/uploads\/2021\/04\/AZERTY_Design_Portail_Design-100x100.jpg 100w\" sizes=\"auto, (max-width: 600px) 100vw, 600px\" \/>    <\/div>\n    <div class=\"qodef-banner-text-holder\" style=\"background-color: #99cbcc\">\n\t    <div class=\"qodef-banner-text-outer\">\n\t\t    <div class=\"qodef-banner-text-inner\">\n\t\t        \t\t            <h5 class=\"qodef-banner-subtitle\" >\n\t\t\t            Univers\t\t            <\/h5>\n\t\t        \t\t        \t\t            <h2 class=\"qodef-banner-title\" >\n\t\t                Design\t                <\/h2>\n\t\t        \t\t\t\t\t\t\t<\/div>\n\t\t<\/div>\n\t<\/div>\n\t        <a itemprop=\"url\" class=\"qodef-banner-link\" href=\"https:\/\/www.azerty.legal\/index.php\/portail-design\/\" target=\"_self\"><\/a>\n    <\/div>[\/vc_column][vc_column width=\u00a0\u00bb1\/4&Prime; css=\u00a0\u00bb.vc_custom_1611560158735{padding-top: 10px !important;padding-right: 10px !important;padding-bottom: 10px !important;padding-left: 10px !important;}\u00a0\u00bb]<div class=\"qodef-banner-holder  qodef-visible-on-hover qodef-banner-info-default\">\n    <div class=\"qodef-banner-image\">\n        <img loading=\"lazy\" decoding=\"async\" width=\"600\" height=\"600\" src=\"https:\/\/www.azerty.legal\/wp-content\/uploads\/2021\/04\/AZERTY_Design_Portail_Design_avec_titre..jpg\" class=\"attachment-full size-full\" alt=\"\" srcset=\"https:\/\/www.azerty.legal\/wp-content\/uploads\/2021\/04\/AZERTY_Design_Portail_Design_avec_titre..jpg 600w, https:\/\/www.azerty.legal\/wp-content\/uploads\/2021\/04\/AZERTY_Design_Portail_Design_avec_titre.-300x300.jpg 300w, https:\/\/www.azerty.legal\/wp-content\/uploads\/2021\/04\/AZERTY_Design_Portail_Design_avec_titre.-150x150.jpg 150w, https:\/\/www.azerty.legal\/wp-content\/uploads\/2021\/04\/AZERTY_Design_Portail_Design_avec_titre.-550x550.jpg 550w, https:\/\/www.azerty.legal\/wp-content\/uploads\/2021\/04\/AZERTY_Design_Portail_Design_avec_titre.-100x100.jpg 100w\" sizes=\"auto, (max-width: 600px) 100vw, 600px\" \/>    <\/div>\n    <div class=\"qodef-banner-text-holder\" style=\"background-color: #99cbcc\">\n\t    <div class=\"qodef-banner-text-outer\">\n\t\t    <div class=\"qodef-banner-text-inner\">\n\t\t        \t\t            <h5 class=\"qodef-banner-subtitle\" >\n\t\t\t            Univers\t\t            <\/h5>\n\t\t        \t\t        \t\t            <h2 class=\"qodef-banner-title\" >\n\t\t                Num\u00e9rique\t                <\/h2>\n\t\t        \t\t\t\t\t\t\t<\/div>\n\t\t<\/div>\n\t<\/div>\n\t        <a itemprop=\"url\" class=\"qodef-banner-link\" href=\"https:\/\/www.azerty.legal\/index.php\/portail-numerique\/\" target=\"_self\"><\/a>\n    <\/div>[\/vc_column][\/vc_row][vc_row][vc_column width=\u00a0\u00bb1\/4&Prime; css=\u00a0\u00bb.vc_custom_1611560048246{padding-top: 10px !important;padding-right: 10px !important;padding-bottom: 10px !important;padding-left: 10px !important;}\u00a0\u00bb][vc_column_text]<\/p>\n<h3>La marque prot\u00e8ge la relation entre un nom et des produits ou services.<\/h3>\n<p>[\/vc_column_text][\/vc_column][vc_column width=\u00a0\u00bb1\/4&Prime; css=\u00a0\u00bb.vc_custom_1611560133760{padding-top: 10px !important;padding-right: 10px !important;padding-bottom: 10px !important;padding-left: 10px !important;}\u00a0\u00bb][vc_column_text]<\/p>\n<h3>Le brevet prot\u00e8ge une solution technique apport\u00e9e \u00e0 un probl\u00e8me technique.<\/h3>\n<p>[\/vc_column_text][\/vc_column][vc_column width=\u00a0\u00bb1\/4&Prime; css=\u00a0\u00bb.vc_custom_1611560149688{padding-top: 10px !important;padding-right: 10px !important;padding-bottom: 10px !important;padding-left: 10px !important;}\u00a0\u00bb][vc_column_text]<\/p>\n<h3>Le mod\u00e8le prot\u00e8ge l&rsquo;apparence d&rsquo;un produit et le droit d&rsquo;auteur, les cr\u00e9ations artistiques.<\/h3>\n<p>[\/vc_column_text][\/vc_column][vc_column width=\u00a0\u00bb1\/4&Prime; css=\u00a0\u00bb.vc_custom_1611560158735{padding-top: 10px !important;padding-right: 10px !important;padding-bottom: 10px !important;padding-left: 10px !important;}\u00a0\u00bb][vc_column_text]<\/p>\n<h3>Le nom de domaine prot\u00e8ge la relation entre une marque et un site internet.<\/h3>\n<p>[\/vc_column_text][\/vc_column][\/vc_row][vc_row][vc_column width=\u00a0\u00bb1\/4&Prime;][vc_column_text]<\/p>\n<h4><span style=\"color: #00546b;\">Prestations Marques :<\/span><\/h4>\n<ul>\n<li>Recherches d&rsquo;ant\u00e9riorit\u00e9s<\/li>\n<li>D\u00e9p\u00f4ts tous pays<\/li>\n<li>Validation linguistique de noms<\/li>\n<li>Oppositions devant les offices<\/li>\n<li>Proc\u00e9dures en d\u00e9ch\u00e9ance<\/li>\n<li>Proc\u00e9dures en nullit\u00e9<\/li>\n<li>Surveillances<\/li>\n<li>Pr\u00e9-contentieux<\/li>\n<li>Contentieux judiciaire<\/li>\n<li>Gestion globale de portefeuilles<\/li>\n<li>Audits, valorisations<\/li>\n<li>Contrats (licence, cession, copropri\u00e9t\u00e9, coexistence, etc.)<\/li>\n<li>Saisie-contrefa\u00e7on<\/li>\n<li>Retenues en douanes<\/li>\n<li>Formation \/ coaching<\/li>\n<\/ul>\n<p>[\/vc_column_text][\/vc_column][vc_column width=\u00a0\u00bb1\/4&Prime;][vc_column_text]<\/p>\n<h4><span style=\"color: #00546b;\">Prestations Brevets :<\/span><\/h4>\n<ul>\n<li>Etudes de brevetabilit\u00e9<\/li>\n<li>R\u00e9daction de brevets<\/li>\n<li>D\u00e9p\u00f4ts tous pays<\/li>\n<li>Oppositions<\/li>\n<li>Etudes de libert\u00e9 d&rsquo;exploitation<\/li>\n<li>Strat\u00e9gies internationales<\/li>\n<li>Gestion de portefeuilles<\/li>\n<li>Veille concurrentielle<\/li>\n<li>Veille technologique<\/li>\n<li>Pr\u00e9-contentieux<\/li>\n<li>Contentieux<\/li>\n<\/ul>\n<p>[\/vc_column_text][\/vc_column][vc_column width=\u00a0\u00bb1\/4&Prime;][vc_column_text]<\/p>\n<h4><span style=\"color: #00546b;\">Prestations Design :<\/span><\/h4>\n<ul>\n<li>Recherches d&rsquo;ant\u00e9riorit\u00e9s<\/li>\n<li>D\u00e9p\u00f4ts tous pays<\/li>\n<li>Datation de cr\u00e9ations<\/li>\n<li>Gestion de droits d&rsquo;auteur<\/li>\n<li>Contrats avec galeries<\/li>\n<li>Pr\u00e9-contentieux<\/li>\n<li>Contentieux<\/li>\n<\/ul>\n<p>[\/vc_column_text][\/vc_column][vc_column width=\u00a0\u00bb1\/4&Prime;][vc_column_text]<\/p>\n<h4><span style=\"color: #00546b;\">Prestations Num\u00e9riques :<\/span><\/h4>\n<ul>\n<li>H\u00e9bergement de noms de domaine<\/li>\n<li>Strat\u00e9gies de nommage<\/li>\n<li>Recherches de disponibilit\u00e9 technique et juridique<\/li>\n<li>R\u00e9servations automatis\u00e9es \u00e0 expiration<\/li>\n<li>Gestion DNS<\/li>\n<li>Transferts<\/li>\n<li>Veille \/ surveillance<\/li>\n<li>Estimation financi\u00e8re<\/li>\n<li>Rachat, revente<\/li>\n<li>Contrats<\/li>\n<li>Arbitrage<\/li>\n<li>Pr\u00e9-contentieux et contentieux<\/li>\n<li>Litiges market places<\/li>\n<li>Litiges r\u00e9seaux sociaux<\/li>\n<\/ul>\n<p>[\/vc_column_text][\/vc_column][\/vc_row][vc_row full_width=\u00a0\u00bbstretch_row_content\u00a0\u00bb][vc_column][vc_empty_space][vc_column_text]<\/p>\n<p style=\"text-align: center;\"><span style=\"color: #00546b;\">&#8230; et bien plus encore ! <a href=\"https:\/\/www.azerty.legal\/index.php\/contact\/\">Contactez-nous<\/a> pour plus d&rsquo;informations.<\/span><\/p>\n<p>[\/vc_column_text][vc_empty_space][vc_empty_space][vc_empty_space][vc_empty_space][vc_empty_space][\/vc_column][\/vc_row][vc_row full_width=\u00a0\u00bbstretch_row\u00a0\u00bb gap=\u00a0\u00bb35&Prime; css=\u00a0\u00bb.vc_custom_1620376200238{background-color: #99cbcc !important;}\u00a0\u00bb][vc_column width=\u00a0\u00bb2\/5&Prime;][vc_empty_space]<div class=\"qodef-section-title-holder   qodef-st-enable-text-separator qodef-st-text-available \" >\n\t<div class=\"qodef-st-inner\">\n\t\t\t\t\t<h2 class=\"qodef-st-title\" style=\"color: #ffffff\">\n\t\t\t\tCREATIFS, COMME VOUS.\t\t\t<\/h2>\n\t\t\t\t<div class=\"qodef-st-text-holder clearfix\" style=\"color: #ffffff\">\n\t\t\t\t\t\t\t<span class=\"qodef-st-separator\"><\/span>\n\t\t\t\t\t\t\t\t\t\t<p class=\"qodef-st-text\" >\n\t\t\t\t\tCr\u00e9ation de marques et logos avec Lectio Studio\t\t\t\t<\/p>\n\t\t\t\t\t<\/div>\n\t\t\t<\/div>\n<\/div>[vc_empty_space][\/vc_column][vc_column width=\u00a0\u00bb1\/5&Prime;][vc_empty_space][vc_column_text]<\/p>\n<h4><span style=\"color: #ffffff;\">Prestations :\u00a0<\/span><\/h4>\n<p><span style=\"color: #ffffff;\">\u2022 Direction Artistique<\/span><br \/>\n<span style=\"color: #ffffff;\">\u2022 Design graphique<\/span><br \/>\n<span style=\"color: #ffffff;\">\u2022 Communication visuelle<\/span><br \/>\n<span style=\"color: #ffffff;\">\u2022 Cr\u00e9ation<\/span><br \/>\n<span style=\"color: #ffffff;\">\u2022 Logo &#8211; charte graphique<\/span><br \/>\n<span style=\"color: #ffffff;\">\u2022 Identit\u00e9 visuelle<\/span><br \/>\n<span style=\"color: #ffffff;\">\u2022 Edition \/ Livre \/<\/span><br \/>\n<span style=\"color: #ffffff;\">\u00a0 Magazine<\/span><br \/>\n<span style=\"color: #ffffff;\">\u2022 Formation \u00e0 l&rsquo;image<\/span>[\/vc_column_text][vc_empty_space][vc_empty_space][\/vc_column][vc_column width=\u00a0\u00bb2\/5&Prime;][vc_empty_space]<div class=\"qodef-single-image-holder   \">\n    <div class=\"qodef-si-inner\" >\n                                    <img loading=\"lazy\" decoding=\"async\" width=\"2448\" height=\"1579\" src=\"https:\/\/www.azerty.legal\/wp-content\/uploads\/2021\/01\/Creation-graphique-avec-stylo-2-1.png\" class=\"attachment-full size-full\" alt=\"\" srcset=\"https:\/\/www.azerty.legal\/wp-content\/uploads\/2021\/01\/Creation-graphique-avec-stylo-2-1.png 2448w, https:\/\/www.azerty.legal\/wp-content\/uploads\/2021\/01\/Creation-graphique-avec-stylo-2-1-300x194.png 300w, https:\/\/www.azerty.legal\/wp-content\/uploads\/2021\/01\/Creation-graphique-avec-stylo-2-1-1024x660.png 1024w, https:\/\/www.azerty.legal\/wp-content\/uploads\/2021\/01\/Creation-graphique-avec-stylo-2-1-768x495.png 768w, https:\/\/www.azerty.legal\/wp-content\/uploads\/2021\/01\/Creation-graphique-avec-stylo-2-1-1536x991.png 1536w, https:\/\/www.azerty.legal\/wp-content\/uploads\/2021\/01\/Creation-graphique-avec-stylo-2-1-600x387.png 600w\" sizes=\"auto, (max-width: 2448px) 100vw, 2448px\" \/>                        <\/div>\n<\/div>[vc_empty_space][\/vc_column][\/vc_row][vc_row gap=\u00a0\u00bb35&Prime;][vc_column][vc_empty_space][\/vc_column][\/vc_row][vc_row gap=\u00a0\u00bb35&Prime;][vc_column][vc_empty_space][\/vc_column][\/vc_row][vc_row gap=\u00a0\u00bb35&Prime;][vc_column][vc_empty_space][\/vc_column][\/vc_row][vc_row][vc_column width=\u00a0\u00bb1\/2&Prime;]<div class=\"qodef-section-title-holder   qodef-st-enable-text-separator qodef-st-text-available \" >\n\t<div class=\"qodef-st-inner\">\n\t\t\t\t\t<h2 class=\"qodef-st-title\" >\n\t\t\t\tD\u00e9couvrir la propri\u00e9t\u00e9 intellectuelle\t\t\t<\/h2>\n\t\t\t\t<div class=\"qodef-st-text-holder clearfix\" >\n\t\t\t\t\t\t\t<span class=\"qodef-st-separator\"><\/span>\n\t\t\t\t\t\t\t\t\t\t<p class=\"qodef-st-text\" >\n\t\t\t\t\tAvec la machine Ek'Oh de Malongo\t\t\t\t<\/p>\n\t\t\t\t\t<\/div>\n\t\t\t<\/div>\n<\/div>[\/vc_column][vc_column width=\u00a0\u00bb1\/4&Prime;][vc_single_image image=\u00a0\u00bb2966&Prime; img_size=\u00a0\u00bbmedium\u00a0\u00bb][\/vc_column][vc_column width=\u00a0\u00bb1\/4&Prime;][vc_column_text]<\/p>\n<h4>A travers cet objet, on retrouve la propri\u00e9t\u00e9 intellectuelle suivante :<\/h4>\n<h4><img loading=\"lazy\" decoding=\"async\" class=\"alignnone wp-image-2806\" src=\"https:\/\/www.azerty.legal\/wp-content\/uploads\/2021\/02\/AZERTY_Chiffres_1-300x300.png\" alt=\"\" width=\"15\" height=\"15\" srcset=\"https:\/\/www.azerty.legal\/wp-content\/uploads\/2021\/02\/AZERTY_Chiffres_1.png 300w, https:\/\/www.azerty.legal\/wp-content\/uploads\/2021\/02\/AZERTY_Chiffres_1-150x150.png 150w, https:\/\/www.azerty.legal\/wp-content\/uploads\/2021\/02\/AZERTY_Chiffres_1-100x100.png 100w\" sizes=\"auto, (max-width: 15px) 100vw, 15px\" \/>\u00a0Plusieurs marques<\/h4>\n<h4><img loading=\"lazy\" decoding=\"async\" class=\"alignnone wp-image-2807\" src=\"https:\/\/www.azerty.legal\/wp-content\/uploads\/2021\/02\/AZERTY_Chiffres_2-300x300.png\" alt=\"\" width=\"15\" height=\"15\" srcset=\"https:\/\/www.azerty.legal\/wp-content\/uploads\/2021\/02\/AZERTY_Chiffres_2.png 300w, https:\/\/www.azerty.legal\/wp-content\/uploads\/2021\/02\/AZERTY_Chiffres_2-150x150.png 150w, https:\/\/www.azerty.legal\/wp-content\/uploads\/2021\/02\/AZERTY_Chiffres_2-100x100.png 100w\" sizes=\"auto, (max-width: 15px) 100vw, 15px\" \/>\u00a0Des brevets d&rsquo;invention<\/h4>\n<h4><img loading=\"lazy\" decoding=\"async\" class=\"alignnone wp-image-2808\" src=\"https:\/\/www.azerty.legal\/wp-content\/uploads\/2021\/02\/AZERTY_Chiffres_3-300x300.png\" alt=\"\" width=\"15\" height=\"15\" srcset=\"https:\/\/www.azerty.legal\/wp-content\/uploads\/2021\/02\/AZERTY_Chiffres_3.png 300w, https:\/\/www.azerty.legal\/wp-content\/uploads\/2021\/02\/AZERTY_Chiffres_3-150x150.png 150w, https:\/\/www.azerty.legal\/wp-content\/uploads\/2021\/02\/AZERTY_Chiffres_3-100x100.png 100w\" sizes=\"auto, (max-width: 15px) 100vw, 15px\" \/>\u00a0Des mod\u00e8les d\u00e9pos\u00e9s<\/h4>\n<p>[\/vc_column_text][\/vc_column][\/vc_row][vc_row gap=\u00a0\u00bb35&Prime;][vc_column][vc_empty_space][\/vc_column][\/vc_row][vc_row gap=\u00a0\u00bb35&Prime;][vc_column width=\u00a0\u00bb1\/3&Prime;][vc_column_text]<img loading=\"lazy\" decoding=\"async\" class=\"aligncenter wp-image-2806\" src=\"https:\/\/www.azerty.legal\/wp-content\/uploads\/2021\/02\/AZERTY_Chiffres_1-150x150.png\" alt=\"\" width=\"60\" height=\"60\" srcset=\"https:\/\/www.azerty.legal\/wp-content\/uploads\/2021\/02\/AZERTY_Chiffres_1-150x150.png 150w, https:\/\/www.azerty.legal\/wp-content\/uploads\/2021\/02\/AZERTY_Chiffres_1.png 300w, https:\/\/www.azerty.legal\/wp-content\/uploads\/2021\/02\/AZERTY_Chiffres_1-100x100.png 100w\" sizes=\"auto, (max-width: 60px) 100vw, 60px\" \/><\/p>\n<p style=\"text-align: center;\"><a href=\"https:\/\/www.azerty.legal\/index.php\/portail-marques-2\/\">D\u00e9couvrir l&rsquo;univers Marques<\/a><\/p>\n<p>[\/vc_column_text][\/vc_column][vc_column width=\u00a0\u00bb1\/3&Prime;][vc_column_text]<img loading=\"lazy\" decoding=\"async\" class=\"aligncenter wp-image-2807\" src=\"https:\/\/www.azerty.legal\/wp-content\/uploads\/2021\/02\/AZERTY_Chiffres_2-300x300.png\" alt=\"\" width=\"60\" height=\"60\" srcset=\"https:\/\/www.azerty.legal\/wp-content\/uploads\/2021\/02\/AZERTY_Chiffres_2.png 300w, https:\/\/www.azerty.legal\/wp-content\/uploads\/2021\/02\/AZERTY_Chiffres_2-150x150.png 150w, https:\/\/www.azerty.legal\/wp-content\/uploads\/2021\/02\/AZERTY_Chiffres_2-100x100.png 100w\" sizes=\"auto, (max-width: 60px) 100vw, 60px\" \/><\/p>\n<p style=\"text-align: center;\"><a href=\"https:\/\/www.azerty.legal\/index.php\/portail-brevets\/\">D\u00e9couvrir l&rsquo;univers Brevets<\/a><\/p>\n<p>[\/vc_column_text][\/vc_column][vc_column width=\u00a0\u00bb1\/3&Prime;][vc_column_text]<img loading=\"lazy\" decoding=\"async\" class=\"aligncenter wp-image-2808\" src=\"https:\/\/www.azerty.legal\/wp-content\/uploads\/2021\/02\/AZERTY_Chiffres_3-300x300.png\" alt=\"\" width=\"60\" height=\"60\" srcset=\"https:\/\/www.azerty.legal\/wp-content\/uploads\/2021\/02\/AZERTY_Chiffres_3.png 300w, https:\/\/www.azerty.legal\/wp-content\/uploads\/2021\/02\/AZERTY_Chiffres_3-150x150.png 150w, https:\/\/www.azerty.legal\/wp-content\/uploads\/2021\/02\/AZERTY_Chiffres_3-100x100.png 100w\" sizes=\"auto, (max-width: 60px) 100vw, 60px\" \/><\/p>\n<p style=\"text-align: center;\"><a href=\"https:\/\/www.azerty.legal\/index.php\/portail-design\/\">D\u00e9couvrir l&rsquo;univers Design<\/a><\/p>\n<p>[\/vc_column_text][\/vc_column][\/vc_row][vc_row gap=\u00a0\u00bb35&Prime;][vc_column width=\u00a0\u00bb1\/3&Prime;][vc_single_image image=\u00a0\u00bb2972&Prime; img_size=\u00a0\u00bbmedium\u00a0\u00bb alignment=\u00a0\u00bbcenter\u00a0\u00bb][vc_empty_space][\/vc_column][vc_column width=\u00a0\u00bb1\/3&Prime;][vc_single_image image=\u00a0\u00bb2974&Prime; img_size=\u00a0\u00bbmedium\u00a0\u00bb alignment=\u00a0\u00bbcenter\u00a0\u00bb][vc_empty_space][\/vc_column][vc_column width=\u00a0\u00bb1\/3&Prime;][vc_single_image image=\u00a0\u00bb2973&Prime; img_size=\u00a0\u00bbmedium\u00a0\u00bb alignment=\u00a0\u00bbcenter\u00a0\u00bb][vc_empty_space][\/vc_column][\/vc_row][vc_row gap=\u00a0\u00bb35&Prime;][vc_column][vc_empty_space][vc_empty_space][vc_column_text]<em>AZERTY est d\u00fbment autoris\u00e9 par la Soci\u00e9t\u00e9 M\u00e9diterran\u00e9enne des Caf\u00e9s Malongo pour la diffusion de cette image. AZERTY n\u2019est pas mandataire des droits de propri\u00e9t\u00e9 intellectuelle de cette soci\u00e9t\u00e9.<\/em>[\/vc_column_text][\/vc_column][\/vc_row][vc_row gap=\u00a0\u00bb35&Prime;][vc_column][vc_empty_space][vc_empty_space][vc_empty_space][vc_empty_space][vc_empty_space][vc_empty_space][vc_empty_space][vc_empty_space][vc_empty_space][vc_empty_space][\/vc_column][\/vc_row][vc_row full_width=\u00a0\u00bbstretch_row\u00a0\u00bb content_placement=\u00a0\u00bbbottom\u00a0\u00bb content_text_aligment=\u00a0\u00bbcenter\u00a0\u00bb css=\u00a0\u00bb.vc_custom_1613502039245{background-image: url(https:\/\/www.azerty.legal\/wp-content\/uploads\/2021\/02\/AZERTY_Footer_vague_2200x350.png?id=3016) !important;}\u00a0\u00bb][vc_column][vc_empty_space][vc_empty_space][vc_single_image image=\u00a0\u00bb3036&Prime; img_size=\u00a0\u00bb710&#215;198&Prime; alignment=\u00a0\u00bbcenter\u00a0\u00bb][vc_empty_space][\/vc_column][\/vc_row]<\/p>\n","protected":false},"excerpt":{"rendered":"<p>[vc_row content_text_aligment=\u00a0\u00bbcenter\u00a0\u00bb][vc_column][vc_empty_space][vc_empty_space][vc_empty_space][vc_empty_space][\/vc_column][\/vc_row][vc_row][vc_column width=\u00a0\u00bb1\/4&Prime; css=\u00a0\u00bb.vc_custom_1611560048246{padding-top: 10px !important;padding-right: 10px !important;padding-bottom: 10px !important;padding-left: 10px !important;}\u00a0\u00bb][\/vc_column][vc_column width=\u00a0\u00bb1\/4&Prime; css=\u00a0\u00bb.vc_custom_1611560133760{padding-top: 10px !important;padding-right: 10px !important;padding-bottom: 10px !important;padding-left: 10px !important;}\u00a0\u00bb][\/vc_column][vc_column width=\u00a0\u00bb1\/4&Prime; css=\u00a0\u00bb.vc_custom_1611560149688{padding-top: 10px !important;padding-right: 10px !important;padding-bottom: 10px !important;padding-left: 10px !important;}\u00a0\u00bb][\/vc_column][vc_column width=\u00a0\u00bb1\/4&Prime; css=\u00a0\u00bb.vc_custom_1611560158735{padding-top: 10px !important;padding-right: 10px !important;padding-bottom: 10px !important;padding-left: [&hellip;]<\/p>\n","protected":false},"author":1,"featured_media":0,"parent":0,"menu_order":0,"comment_status":"closed","ping_status":"closed","template":"","meta":{"footnotes":""},"class_list":["post-125","page","type-page","status-publish","hentry"],"_links":{"self":[{"href":"https:\/\/www.azerty.legal\/index.php\/wp-json\/wp\/v2\/pages\/125","targetHints":{"allow":["GET"]}}],"collection":[{"href":"https:\/\/www.azerty.legal\/index.php\/wp-json\/wp\/v2\/pages"}],"about":[{"href":"https:\/\/www.azerty.legal\/index.php\/wp-json\/wp\/v2\/types\/page"}],"author":[{"embeddable":true,"href":"https:\/\/www.azerty.legal\/index.php\/wp-json\/wp\/v2\/users\/1"}],"replies":[{"embeddable":true,"href":"https:\/\/www.azerty.legal\/index.php\/wp-json\/wp\/v2\/comments?post=125"}],"version-history":[{"count":184,"href":"https:\/\/www.azerty.legal\/index.php\/wp-json\/wp\/v2\/pages\/125\/revisions"}],"predecessor-version":[{"id":4169,"href":"https:\/\/www.azerty.legal\/index.php\/wp-json\/wp\/v2\/pages\/125\/revisions\/4169"}],"wp:attachment":[{"href":"https:\/\/www.azerty.legal\/index.php\/wp-json\/wp\/v2\/media?parent=125"}],"curies":[{"name":"wp","href":"https:\/\/api.w.org\/{rel}","templated":true}]}}